{"id":7760,"date":"2022-08-12T11:33:53","date_gmt":"2022-08-12T09:33:53","guid":{"rendered":"https:\/\/eddycam.com\/shop\/edition-35-mm-cognac-shoulder\/"},"modified":"2023-09-19T14:48:30","modified_gmt":"2023-09-19T12:48:30","slug":"edition-35-mm-cognac-shoulder","status":"publish","type":"product","link":"https:\/\/eddycam.com\/en\/shop\/edition-35-mm-cognac-shoulder\/","title":{"rendered":"Edition 35 mm cognac SHOULDER"},"content":{"rendered":"<h3><strong>  Edition 35 mm cognac SHOULDER<\/strong><\/h3>\n<p><strong>  A special strap for special cameras!<\/strong><\/p>\n<h3>The EDDYCAM series Edition 35 mm was specially developed for high-quality system cameras weighing up to 1.2 kg, such as Leica M, Fuji x-Pro. With the width of 35 mm, we recall the classic film format. Deliberately without the, at EDDYCAM otherwise usual rubber insert, the soft, elastic elk leather nestles well. This model is easy to wrap around the hand, making the camera comfortable to carry. The total length of this series is 155 cm, with the leather portion at 43 cm. The high quality brown nylon strap and the 4 trowalized stainless steel clamps give enough leeway for individual length adjustment. Camera protectors and triangle rings are included with the 35 mm edition. The camera can be worn around the neck, on one shoulder or diagonally.<\/h3>\n<ul>\n<li>EDDYCAM 35 mm cognac black SHOULDER<\/li>\n<li>Contrast stitching light<\/li>\n<li>VINTAGE \/ nylon strap brown<\/li>\n<li>Item 3566<\/li>\n<li>Stainless steel clamps (4x)<\/li>\n<li>Leather camera protector (2x)<\/li>\n<li>Triangle ring (2x)<\/li>\n<li>Leinenbeutel<\/li>\n<li>Mini brochure<\/li>\n<li>Total length approx. 155 cm<\/li>\n<li>Leather pad approx. 43 cm<\/li>\n<li>approx. 60 g (incl. clamps)<\/li>\n<li>100% handcraft<\/li>\n<li>Made in Germany<\/li>\n<\/ul>\n","protected":false},"excerpt":{"rendered":"<h4>Item 3566<\/h4>\n<h4>EDDYCAM is the special camera strap made of elk leather. Durch seine Elastizit\u00e4t bietet er au\u00dfergew\u00f6hnlich hohen Tragekomfort. The special feature of the VINTAGE version is brown nylon straps, brown leather end pieces and black stainless steel clamps. The SHOULDER version offers, through an innovative material combination of Finnish elk leather on the outside and Mongolian yak leather on the inside, extreme slip resistance. The colors of this EDDYCAM are cognac outside and black inside. The contrast stitching in natural sets clear accents.<\/h4>\n","protected":false},"featured_media":5968,"comment_status":"open","ping_status":"closed","template":"","meta":{"_acf_changed":false,"_uag_custom_page_level_css":"","site-sidebar-layout":"default","site-content-layout":"default","ast-site-content-layout":"default","site-content-style":"default","site-sidebar-style":"default","ast-global-header-display":"","ast-banner-title-visibility":"","ast-main-header-display":"","ast-hfb-above-header-display":"","ast-hfb-below-header-display":"","ast-hfb-mobile-header-display":"","site-post-title":"","ast-breadcrumbs-content":"","ast-featured-img":"","footer-sml-layout":"","ast-disable-related-posts":"","theme-transparent-header-meta":"default","adv-header-id-meta":"","stick-header-meta":"","header-above-stick-meta":"","header-main-stick-meta":"","header-below-stick-meta":"","astra-migrate-meta-layouts":"default","ast-page-background-enabled":"default","ast-page-background-meta":{"desktop":{"background-color":"","background-image":"","background-repeat":"repeat","background-position":"center center","background-size":"auto","background-attachment":"scroll","background-type":"","background-media":"","overlay-type":"","overlay-color":"","overlay-opacity":"","overlay-gradient":""},"tablet":{"background-color":"","background-image":"","background-repeat":"repeat","background-position":"center center","background-size":"auto","background-attachment":"scroll","background-type":"","background-media":"","overlay-type":"","overlay-color":"","overlay-opacity":"","overlay-gradient":""},"mobile":{"background-color":"","background-image":"","background-repeat":"repeat","background-position":"center center","background-size":"auto","background-attachment":"scroll","background-type":"","background-media":"","overlay-type":"","overlay-color":"","overlay-opacity":"","overlay-gradient":""}},"ast-content-background-meta":{"desktop":{"background-color":"var(--ast-global-color-5)","background-image":"","background-repeat":"repeat","background-position":"center center","background-size":"auto","background-attachment":"scroll","background-type":"","background-media":"","overlay-type":"","overlay-color":"","overlay-opacity":"","overlay-gradient":""},"tablet":{"background-color":"var(--ast-global-color-5)","background-image":"","background-repeat":"repeat","background-position":"center center","background-size":"auto","background-attachment":"scroll","background-type":"","background-media":"","overlay-type":"","overlay-color":"","overlay-opacity":"","overlay-gradient":""},"mobile":{"background-color":"var(--ast-global-color-5)","background-image":"","background-repeat":"repeat","background-position":"center center","background-size":"auto","background-attachment":"scroll","background-type":"","background-media":"","overlay-type":"","overlay-color":"","overlay-opacity":"","overlay-gradient":""}},"jetpack_publicize_message":"","jetpack_publicize_feature_enabled":true,"jetpack_social_post_already_shared":true,"jetpack_social_options":{"image_generator_settings":{"template":"highway","default_image_id":0,"font":"","enabled":false},"version":2}},"product_brand":[],"product_cat":[225,230],"product_tag":[317,322,195,336,267,281,290],"class_list":{"0":"post-7760","1":"product","2":"type-product","3":"status-publish","4":"has-post-thumbnail","6":"product_cat-camera-straps","7":"product_cat-edition-35mm-en","8":"product_tag-series-vintage-en","9":"product_tag-special-model-shoulder","10":"product_tag-35mm-edition-eddycam-en","11":"product_tag-brown-ribbons","12":"product_tag-color-cognac","13":"product_tag-inside-yak-leather-black","14":"product_tag-contrast-stitching-light","15":"product_shipping_class-free-shipping","16":"desktop-align-left","17":"tablet-align-left","18":"mobile-align-left","20":"first","21":"outofstock","22":"taxable","23":"shipping-taxable","24":"purchasable","25":"product-type-simple"},"acf":[],"yoast_head":"<!-- This site is optimized with the Yoast SEO plugin v27.2 - https:\/\/yoast.com\/product\/yoast-seo-wordpress\/ -->\n<title>Edition 35 mm cognac SHOULDER - EDDYCAM<\/title>\n<meta name=\"robots\" content=\"index, follow, max-snippet:-1, max-image-preview:large, max-video-preview:-1\" \/>\n<link rel=\"canonical\" href=\"https:\/\/eddycam.com\/shop\/edition-35-mm-cognac-shoulder\/\" \/>\n<meta property=\"og:locale\" content=\"en_US\" \/>\n<meta property=\"og:type\" content=\"article\" \/>\n<meta property=\"og:title\" content=\"Edition 35 mm cognac SHOULDER - EDDYCAM\" \/>\n<meta property=\"og:description\" content=\"Item 3566 EDDYCAM is the special camera strap made of elk leather. Durch seine Elastizit\u00e4t bietet er au\u00dfergew\u00f6hnlich hohen Tragekomfort. The special feature of the VINTAGE version is brown nylon straps, brown leather end pieces and black stainless steel clamps. The SHOULDER version offers, through an innovative material combination of Finnish elk leather on the outside and Mongolian yak leather on the inside, extreme slip resistance. The colors of this EDDYCAM are cognac outside and black inside. The contrast stitching in natural sets clear accents.\" \/>\n<meta property=\"og:url\" content=\"https:\/\/eddycam.com\/shop\/edition-35-mm-cognac-shoulder\/\" \/>\n<meta property=\"og:site_name\" content=\"EDDYCAM\" \/>\n<meta property=\"article:publisher\" content=\"https:\/\/www.facebook.com\/eddycam.foto\/\" \/>\n<meta property=\"article:modified_time\" content=\"2023-09-19T12:48:30+00:00\" \/>\n<meta property=\"og:image\" content=\"https:\/\/eddycam.com\/wp-content\/uploads\/2022\/08\/3566-Shoulder-M10R.EDDYCAM-scaled-1.jpg\" \/>\n\t<meta property=\"og:image:width\" content=\"2560\" \/>\n\t<meta property=\"og:image:height\" content=\"1707\" \/>\n\t<meta property=\"og:image:type\" content=\"image\/jpeg\" \/>\n<meta name=\"twitter:card\" content=\"summary_large_image\" \/>\n<meta name=\"twitter:label1\" content=\"Est. reading time\" \/>\n\t<meta name=\"twitter:data1\" content=\"1 minute\" \/>\n<script type=\"application\/ld+json\" class=\"yoast-schema-graph\">{\"@context\":\"https:\/\/schema.org\",\"@graph\":[{\"@type\":\"WebPage\",\"@id\":\"https:\/\/eddycam.com\/shop\/edition-35-mm-cognac-shoulder\/\",\"url\":\"https:\/\/eddycam.com\/shop\/edition-35-mm-cognac-shoulder\/\",\"name\":\"Edition 35 mm cognac SHOULDER - EDDYCAM\",\"isPartOf\":{\"@id\":\"https:\/\/eddycam.com\/#website\"},\"primaryImageOfPage\":{\"@id\":\"https:\/\/eddycam.com\/shop\/edition-35-mm-cognac-shoulder\/#primaryimage\"},\"image\":{\"@id\":\"https:\/\/eddycam.com\/shop\/edition-35-mm-cognac-shoulder\/#primaryimage\"},\"thumbnailUrl\":\"https:\/\/eddycam.com\/wp-content\/uploads\/2022\/08\/3566-Shoulder-M10R.EDDYCAM-scaled-1.jpg\",\"datePublished\":\"2022-08-12T09:33:53+00:00\",\"dateModified\":\"2023-09-19T12:48:30+00:00\",\"breadcrumb\":{\"@id\":\"https:\/\/eddycam.com\/shop\/edition-35-mm-cognac-shoulder\/#breadcrumb\"},\"inLanguage\":\"en-US\",\"potentialAction\":[{\"@type\":\"ReadAction\",\"target\":[\"https:\/\/eddycam.com\/shop\/edition-35-mm-cognac-shoulder\/\"]}]},{\"@type\":\"ImageObject\",\"inLanguage\":\"en-US\",\"@id\":\"https:\/\/eddycam.com\/shop\/edition-35-mm-cognac-shoulder\/#primaryimage\",\"url\":\"https:\/\/eddycam.com\/wp-content\/uploads\/2022\/08\/3566-Shoulder-M10R.EDDYCAM-scaled-1.jpg\",\"contentUrl\":\"https:\/\/eddycam.com\/wp-content\/uploads\/2022\/08\/3566-Shoulder-M10R.EDDYCAM-scaled-1.jpg\",\"width\":2560,\"height\":1707},{\"@type\":\"BreadcrumbList\",\"@id\":\"https:\/\/eddycam.com\/shop\/edition-35-mm-cognac-shoulder\/#breadcrumb\",\"itemListElement\":[{\"@type\":\"ListItem\",\"position\":1,\"name\":\"Home\",\"item\":\"https:\/\/en.eddycam.com\/\"},{\"@type\":\"ListItem\",\"position\":2,\"name\":\"Store\",\"item\":\"https:\/\/en.eddycam.com\/shop\/\"},{\"@type\":\"ListItem\",\"position\":3,\"name\":\"Edition 35 mm cognac SHOULDER\"}]},{\"@type\":\"WebSite\",\"@id\":\"https:\/\/eddycam.com\/#website\",\"url\":\"https:\/\/eddycam.com\/\",\"name\":\"EDDYCAM\",\"description\":\"EDDYCAM - Der erste und einzige ergonomische Kameragurt aus Elchleder\",\"publisher\":{\"@id\":\"https:\/\/eddycam.com\/#organization\"},\"potentialAction\":[{\"@type\":\"SearchAction\",\"target\":{\"@type\":\"EntryPoint\",\"urlTemplate\":\"https:\/\/eddycam.com\/?s={search_term_string}\"},\"query-input\":{\"@type\":\"PropertyValueSpecification\",\"valueRequired\":true,\"valueName\":\"search_term_string\"}}],\"inLanguage\":\"en-US\"},{\"@type\":\"Organization\",\"@id\":\"https:\/\/eddycam.com\/#organization\",\"name\":\"EDDYCAM\",\"url\":\"https:\/\/eddycam.com\/\",\"logo\":{\"@type\":\"ImageObject\",\"inLanguage\":\"en-US\",\"@id\":\"https:\/\/eddycam.com\/#\/schema\/logo\/image\/\",\"url\":\"https:\/\/eddycam.com\/wp-content\/uploads\/2022\/10\/eddycam-logo-website-4.png\",\"contentUrl\":\"https:\/\/eddycam.com\/wp-content\/uploads\/2022\/10\/eddycam-logo-website-4.png\",\"width\":833,\"height\":325,\"caption\":\"EDDYCAM\"},\"image\":{\"@id\":\"https:\/\/eddycam.com\/#\/schema\/logo\/image\/\"},\"sameAs\":[\"https:\/\/www.facebook.com\/eddycam.foto\/\",\"https:\/\/www.instagram.com\/eddycam_deutschland\/\"]}]}<\/script>\n<!-- \/ Yoast SEO plugin. -->","yoast_head_json":{"title":"Edition 35 mm cognac SHOULDER - EDDYCAM","robots":{"index":"index","follow":"follow","max-snippet":"max-snippet:-1","max-image-preview":"max-image-preview:large","max-video-preview":"max-video-preview:-1"},"canonical":"https:\/\/eddycam.com\/shop\/edition-35-mm-cognac-shoulder\/","og_locale":"en_US","og_type":"article","og_title":"Edition 35 mm cognac SHOULDER - EDDYCAM","og_description":"Item 3566 EDDYCAM is the special camera strap made of elk leather. Durch seine Elastizit\u00e4t bietet er au\u00dfergew\u00f6hnlich hohen Tragekomfort. The special feature of the VINTAGE version is brown nylon straps, brown leather end pieces and black stainless steel clamps. The SHOULDER version offers, through an innovative material combination of Finnish elk leather on the outside and Mongolian yak leather on the inside, extreme slip resistance. The colors of this EDDYCAM are cognac outside and black inside. The contrast stitching in natural sets clear accents.","og_url":"https:\/\/eddycam.com\/shop\/edition-35-mm-cognac-shoulder\/","og_site_name":"EDDYCAM","article_publisher":"https:\/\/www.facebook.com\/eddycam.foto\/","article_modified_time":"2023-09-19T12:48:30+00:00","og_image":[{"width":2560,"height":1707,"url":"https:\/\/eddycam.com\/wp-content\/uploads\/2022\/08\/3566-Shoulder-M10R.EDDYCAM-scaled-1.jpg","type":"image\/jpeg"}],"twitter_card":"summary_large_image","twitter_misc":{"Est. reading time":"1 minute"},"schema":{"@context":"https:\/\/schema.org","@graph":[{"@type":"WebPage","@id":"https:\/\/eddycam.com\/shop\/edition-35-mm-cognac-shoulder\/","url":"https:\/\/eddycam.com\/shop\/edition-35-mm-cognac-shoulder\/","name":"Edition 35 mm cognac SHOULDER - EDDYCAM","isPartOf":{"@id":"https:\/\/eddycam.com\/#website"},"primaryImageOfPage":{"@id":"https:\/\/eddycam.com\/shop\/edition-35-mm-cognac-shoulder\/#primaryimage"},"image":{"@id":"https:\/\/eddycam.com\/shop\/edition-35-mm-cognac-shoulder\/#primaryimage"},"thumbnailUrl":"https:\/\/eddycam.com\/wp-content\/uploads\/2022\/08\/3566-Shoulder-M10R.EDDYCAM-scaled-1.jpg","datePublished":"2022-08-12T09:33:53+00:00","dateModified":"2023-09-19T12:48:30+00:00","breadcrumb":{"@id":"https:\/\/eddycam.com\/shop\/edition-35-mm-cognac-shoulder\/#breadcrumb"},"inLanguage":"en-US","potentialAction":[{"@type":"ReadAction","target":["https:\/\/eddycam.com\/shop\/edition-35-mm-cognac-shoulder\/"]}]},{"@type":"ImageObject","inLanguage":"en-US","@id":"https:\/\/eddycam.com\/shop\/edition-35-mm-cognac-shoulder\/#primaryimage","url":"https:\/\/eddycam.com\/wp-content\/uploads\/2022\/08\/3566-Shoulder-M10R.EDDYCAM-scaled-1.jpg","contentUrl":"https:\/\/eddycam.com\/wp-content\/uploads\/2022\/08\/3566-Shoulder-M10R.EDDYCAM-scaled-1.jpg","width":2560,"height":1707},{"@type":"BreadcrumbList","@id":"https:\/\/eddycam.com\/shop\/edition-35-mm-cognac-shoulder\/#breadcrumb","itemListElement":[{"@type":"ListItem","position":1,"name":"Home","item":"https:\/\/en.eddycam.com\/"},{"@type":"ListItem","position":2,"name":"Store","item":"https:\/\/en.eddycam.com\/shop\/"},{"@type":"ListItem","position":3,"name":"Edition 35 mm cognac SHOULDER"}]},{"@type":"WebSite","@id":"https:\/\/eddycam.com\/#website","url":"https:\/\/eddycam.com\/","name":"EDDYCAM","description":"EDDYCAM - Der erste und einzige ergonomische Kameragurt aus Elchleder","publisher":{"@id":"https:\/\/eddycam.com\/#organization"},"potentialAction":[{"@type":"SearchAction","target":{"@type":"EntryPoint","urlTemplate":"https:\/\/eddycam.com\/?s={search_term_string}"},"query-input":{"@type":"PropertyValueSpecification","valueRequired":true,"valueName":"search_term_string"}}],"inLanguage":"en-US"},{"@type":"Organization","@id":"https:\/\/eddycam.com\/#organization","name":"EDDYCAM","url":"https:\/\/eddycam.com\/","logo":{"@type":"ImageObject","inLanguage":"en-US","@id":"https:\/\/eddycam.com\/#\/schema\/logo\/image\/","url":"https:\/\/eddycam.com\/wp-content\/uploads\/2022\/10\/eddycam-logo-website-4.png","contentUrl":"https:\/\/eddycam.com\/wp-content\/uploads\/2022\/10\/eddycam-logo-website-4.png","width":833,"height":325,"caption":"EDDYCAM"},"image":{"@id":"https:\/\/eddycam.com\/#\/schema\/logo\/image\/"},"sameAs":["https:\/\/www.facebook.com\/eddycam.foto\/","https:\/\/www.instagram.com\/eddycam_deutschland\/"]}]}},"jetpack_publicize_connections":[],"uagb_featured_image_src":{"full":["https:\/\/eddycam.com\/wp-content\/uploads\/2022\/08\/3566-Shoulder-M10R.EDDYCAM-scaled-1.jpg",2560,1707,false],"thumbnail":["https:\/\/eddycam.com\/wp-content\/uploads\/2022\/08\/3566-Shoulder-M10R.EDDYCAM-scaled-1-150x150.jpg",150,150,true],"medium":["https:\/\/eddycam.com\/wp-content\/uploads\/2022\/08\/3566-Shoulder-M10R.EDDYCAM-scaled-1-300x200.jpg",300,200,true],"medium_large":["https:\/\/eddycam.com\/wp-content\/uploads\/2022\/08\/3566-Shoulder-M10R.EDDYCAM-scaled-1-768x512.jpg",768,512,true],"large":["https:\/\/eddycam.com\/wp-content\/uploads\/2022\/08\/3566-Shoulder-M10R.EDDYCAM-scaled-1-1024x683.jpg",1024,683,true],"1536x1536":["https:\/\/eddycam.com\/wp-content\/uploads\/2022\/08\/3566-Shoulder-M10R.EDDYCAM-scaled-1-1536x1024.jpg",1536,1024,true],"2048x2048":["https:\/\/eddycam.com\/wp-content\/uploads\/2022\/08\/3566-Shoulder-M10R.EDDYCAM-scaled-1-2048x1366.jpg",2048,1366,true],"woocommerce_thumbnail":["https:\/\/eddycam.com\/wp-content\/uploads\/2022\/08\/3566-Shoulder-M10R.EDDYCAM-scaled-1-450x281.jpg",450,281,true],"woocommerce_single":["https:\/\/eddycam.com\/wp-content\/uploads\/2022\/08\/3566-Shoulder-M10R.EDDYCAM-scaled-1-600x400.jpg",600,400,true],"woocommerce_gallery_thumbnail":["https:\/\/eddycam.com\/wp-content\/uploads\/2022\/08\/3566-Shoulder-M10R.EDDYCAM-scaled-1-160x90.jpg",160,90,true]},"uagb_author_info":{"display_name":"superadmin","author_link":"https:\/\/eddycam.com\/en\/author\/"},"uagb_comment_info":5,"uagb_excerpt":"Item 3566 EDDYCAM is the special camera strap made of elk leather. Durch seine Elastizit\u00e4t bietet er au\u00dfergew\u00f6hnlich hohen Tragekomfort. The special feature of the VINTAGE version is brown nylon straps, brown leather end pieces and black stainless steel clamps. The SHOULDER version offers, through an innovative material combination of Finnish elk leather on the&hellip;","jetpack_sharing_enabled":true,"_links":{"self":[{"href":"https:\/\/eddycam.com\/en\/wp-json\/wp\/v2\/product\/7760","targetHints":{"allow":["GET"]}}],"collection":[{"href":"https:\/\/eddycam.com\/en\/wp-json\/wp\/v2\/product"}],"about":[{"href":"https:\/\/eddycam.com\/en\/wp-json\/wp\/v2\/types\/product"}],"replies":[{"embeddable":true,"href":"https:\/\/eddycam.com\/en\/wp-json\/wp\/v2\/comments?post=7760"}],"wp:featuredmedia":[{"embeddable":true,"href":"https:\/\/eddycam.com\/en\/wp-json\/wp\/v2\/media\/5968"}],"wp:attachment":[{"href":"https:\/\/eddycam.com\/en\/wp-json\/wp\/v2\/media?parent=7760"}],"wp:term":[{"taxonomy":"product_brand","embeddable":true,"href":"https:\/\/eddycam.com\/en\/wp-json\/wp\/v2\/product_brand?post=7760"},{"taxonomy":"product_cat","embeddable":true,"href":"https:\/\/eddycam.com\/en\/wp-json\/wp\/v2\/product_cat?post=7760"},{"taxonomy":"product_tag","embeddable":true,"href":"https:\/\/eddycam.com\/en\/wp-json\/wp\/v2\/product_tag?post=7760"}],"curies":[{"name":"wp","href":"https:\/\/api.w.org\/{rel}","templated":true}]}}