{"id":7743,"date":"2023-02-09T11:33:56","date_gmt":"2023-02-09T10:33:56","guid":{"rendered":"https:\/\/eddycam.com\/shop\/60-mm-cognac-natural-vintage-demo-model-with-small-blemish\/"},"modified":"2023-02-09T11:33:56","modified_gmt":"2023-02-09T10:33:56","slug":"60-mm-cognac-nature-vintage-demo-model-with-small-beauty-flaw","status":"publish","type":"product","link":"https:\/\/eddycam.com\/en\/shop\/60-mm-cognac-nature-vintage-demo-model-with-small-beauty-flaw\/","title":{"rendered":"60 mm cognac-natural VINTAGE \/ demo model with small blemish"},"content":{"rendered":"<p>&nbsp;<\/p>\n<h3><strong>  60 mm cognac natural VINTAGE contrast stitching<\/strong><\/h3>\n<p><strong>The universal EDDYCAM for the dedicated photographer<\/strong><\/p>\n<h3>Designed for large, heavy photographic equipment<br \/>\nOptimally suited for professionals who have their camera in use for many hours. The soft, elastic elk leather and natural rubber padding make carrying heavy cameras up to 5 kg pleasantly easy.<br \/>\nWith a total length of about 155 cm, we have a leather portion of about 43 cm. This EDDYCAM is 60 mm at its widest point, which results in a very good weight distribution.<br \/>\nWith the thermofixed nylon strap and the 4 trowalized stainless steel clamps, it offers absolute security and enough leeway for length adjustment. Ergonomic shape allows wearing around the neck, on one shoulder or diagonally.<br \/>\nAs with all EDDYCAM camera straps, all materials are extremely high quality, for example the connection between the nylon strap and the elastic elk leather. It is made of very high quality cowhide and is sewn with the thread from which seat belts are made.<\/h3>\n<ul>\n<li>EDDYCAM 60 mm cognac-natural VINTAGE contrast stitching \/\/ Demo model with small blemish on the inside, See photo<\/li>\n<li>Article 6063S<\/li>\n<li>Stainless steel clamps (4x)<\/li>\n<li>Leinenbeutel<\/li>\n<li>Mini brochure<\/li>\n<li>Total length approx. 155 cm<\/li>\n<li>Leather pad approx. 43 cm<\/li>\n<li>approx. 100 g (incl. clamps)<\/li>\n<li>100% handcraft<\/li>\n<li>Made in Germany<\/li>\n<\/ul>\n","protected":false},"excerpt":{"rendered":"<h4>Article 6063S<\/h4>\n<h4>Demo model with small blemish on the inside, See photo<\/h4>\n<p>&nbsp;<\/p>\n<h4>EDDYCAM is the special camera strap made of elk leather. Durch seine Elastizit\u00e4t bietet er au\u00dfergew\u00f6hnlich hohen Tragekomfort. Die Farben dieses EDDYCAMs sind au\u00dfen cognac und innen natur. The contrast stitching picks up the light color of the inside and thus sets clear accents. The leather end pieces and strap are brown, the powder coated stainless steel clamps are black.<\/h4>\n","protected":false},"featured_media":6143,"comment_status":"open","ping_status":"closed","template":"","meta":{"_acf_changed":false,"_uag_custom_page_level_css":"","site-sidebar-layout":"default","site-content-layout":"default","ast-site-content-layout":"default","site-content-style":"default","site-sidebar-style":"default","ast-global-header-display":"","ast-banner-title-visibility":"","ast-main-header-display":"","ast-hfb-above-header-display":"","ast-hfb-below-header-display":"","ast-hfb-mobile-header-display":"","site-post-title":"","ast-breadcrumbs-content":"","ast-featured-img":"","footer-sml-layout":"","ast-disable-related-posts":"","theme-transparent-header-meta":"default","adv-header-id-meta":"","stick-header-meta":"","header-above-stick-meta":"","header-main-stick-meta":"","header-below-stick-meta":"","astra-migrate-meta-layouts":"default","ast-page-background-enabled":"default","ast-page-background-meta":{"desktop":{"background-color":"","background-image":"","background-repeat":"repeat","background-position":"center center","background-size":"auto","background-attachment":"scroll","background-type":"","background-media":"","overlay-type":"","overlay-color":"","overlay-opacity":"","overlay-gradient":""},"tablet":{"background-color":"","background-image":"","background-repeat":"repeat","background-position":"center center","background-size":"auto","background-attachment":"scroll","background-type":"","background-media":"","overlay-type":"","overlay-color":"","overlay-opacity":"","overlay-gradient":""},"mobile":{"background-color":"","background-image":"","background-repeat":"repeat","background-position":"center center","background-size":"auto","background-attachment":"scroll","background-type":"","background-media":"","overlay-type":"","overlay-color":"","overlay-opacity":"","overlay-gradient":""}},"ast-content-background-meta":{"desktop":{"background-color":"var(--ast-global-color-5)","background-image":"","background-repeat":"repeat","background-position":"center center","background-size":"auto","background-attachment":"scroll","background-type":"","background-media":"","overlay-type":"","overlay-color":"","overlay-opacity":"","overlay-gradient":""},"tablet":{"background-color":"var(--ast-global-color-5)","background-image":"","background-repeat":"repeat","background-position":"center center","background-size":"auto","background-attachment":"scroll","background-type":"","background-media":"","overlay-type":"","overlay-color":"","overlay-opacity":"","overlay-gradient":""},"mobile":{"background-color":"var(--ast-global-color-5)","background-image":"","background-repeat":"repeat","background-position":"center center","background-size":"auto","background-attachment":"scroll","background-type":"","background-media":"","overlay-type":"","overlay-color":"","overlay-opacity":"","overlay-gradient":""}},"jetpack_publicize_message":"","jetpack_publicize_feature_enabled":true,"jetpack_social_post_already_shared":true,"jetpack_social_options":{"image_generator_settings":{"template":"highway","default_image_id":0,"font":"","enabled":false},"version":2}},"product_brand":[],"product_cat":[234],"product_tag":[240,264,267,339],"class_list":{"0":"post-7743","1":"product","2":"type-product","3":"status-publish","4":"has-post-thumbnail","6":"product_cat-uncategorized-en","7":"product_tag-60mm-profi-eddycam-en","8":"product_tag-elk-leather-en","9":"product_tag-color-cognac","10":"product_tag-elastic-en-2","11":"product_shipping_class-free-shipping","12":"desktop-align-left","13":"tablet-align-left","14":"mobile-align-left","16":"first","17":"outofstock","18":"sale","19":"taxable","20":"shipping-taxable","21":"purchasable","22":"product-type-simple"},"acf":[],"yoast_head":"<!-- This site is optimized with the Yoast SEO plugin v27.2 - https:\/\/yoast.com\/product\/yoast-seo-wordpress\/ -->\n<title>60 mm cognac-natural VINTAGE \/ demo model with small blemish - EDDYCAM<\/title>\n<meta name=\"robots\" content=\"index, follow, max-snippet:-1, max-image-preview:large, max-video-preview:-1\" \/>\n<link rel=\"canonical\" href=\"https:\/\/eddycam.com\/shop\/60-mm-cognac-natur-vintage-demomodell-mit-kleinem-schoenheitsfehler\/\" \/>\n<meta property=\"og:locale\" content=\"en_US\" \/>\n<meta property=\"og:type\" content=\"article\" \/>\n<meta property=\"og:title\" content=\"60 mm cognac-natural VINTAGE \/ demo model with small blemish - EDDYCAM\" \/>\n<meta property=\"og:description\" content=\"Article 6063S Demo model with small blemish on the inside, See photo &nbsp; EDDYCAM is the special camera strap made of elk leather. Durch seine Elastizit\u00e4t bietet er au\u00dfergew\u00f6hnlich hohen Tragekomfort. Die Farben dieses EDDYCAMs sind au\u00dfen cognac und innen natur. The contrast stitching picks up the light color of the inside and thus sets clear accents. The leather end pieces and strap are brown, the powder coated stainless steel clamps are black.\" \/>\n<meta property=\"og:url\" content=\"https:\/\/eddycam.com\/shop\/60-mm-cognac-natur-vintage-demomodell-mit-kleinem-schoenheitsfehler\/\" \/>\n<meta property=\"og:site_name\" content=\"EDDYCAM\" \/>\n<meta property=\"article:publisher\" content=\"https:\/\/www.facebook.com\/eddycam.foto\/\" \/>\n<meta property=\"og:image\" content=\"https:\/\/eddycam.com\/wp-content\/uploads\/2022\/08\/6013-Big.EDDYCAM-scaled-1.jpg\" \/>\n\t<meta property=\"og:image:width\" content=\"2560\" \/>\n\t<meta property=\"og:image:height\" content=\"1707\" \/>\n\t<meta property=\"og:image:type\" content=\"image\/jpeg\" \/>\n<meta name=\"twitter:card\" content=\"summary_large_image\" \/>\n<meta name=\"twitter:label1\" content=\"Est. reading time\" \/>\n\t<meta name=\"twitter:data1\" content=\"1 minute\" \/>\n<script type=\"application\/ld+json\" class=\"yoast-schema-graph\">{\"@context\":\"https:\/\/schema.org\",\"@graph\":[{\"@type\":\"WebPage\",\"@id\":\"https:\/\/eddycam.com\/shop\/60-mm-cognac-natur-vintage-demomodell-mit-kleinem-schoenheitsfehler\/\",\"url\":\"https:\/\/eddycam.com\/shop\/60-mm-cognac-natur-vintage-demomodell-mit-kleinem-schoenheitsfehler\/\",\"name\":\"60 mm cognac-natural VINTAGE \/ demo model with small blemish - EDDYCAM\",\"isPartOf\":{\"@id\":\"https:\/\/eddycam.com\/#website\"},\"primaryImageOfPage\":{\"@id\":\"https:\/\/eddycam.com\/shop\/60-mm-cognac-natur-vintage-demomodell-mit-kleinem-schoenheitsfehler\/#primaryimage\"},\"image\":{\"@id\":\"https:\/\/eddycam.com\/shop\/60-mm-cognac-natur-vintage-demomodell-mit-kleinem-schoenheitsfehler\/#primaryimage\"},\"thumbnailUrl\":\"https:\/\/eddycam.com\/wp-content\/uploads\/2022\/08\/6013-Big.EDDYCAM-scaled-1.jpg\",\"datePublished\":\"2023-02-09T10:33:56+00:00\",\"breadcrumb\":{\"@id\":\"https:\/\/eddycam.com\/shop\/60-mm-cognac-natur-vintage-demomodell-mit-kleinem-schoenheitsfehler\/#breadcrumb\"},\"inLanguage\":\"en-US\",\"potentialAction\":[{\"@type\":\"ReadAction\",\"target\":[\"https:\/\/eddycam.com\/shop\/60-mm-cognac-natur-vintage-demomodell-mit-kleinem-schoenheitsfehler\/\"]}]},{\"@type\":\"ImageObject\",\"inLanguage\":\"en-US\",\"@id\":\"https:\/\/eddycam.com\/shop\/60-mm-cognac-natur-vintage-demomodell-mit-kleinem-schoenheitsfehler\/#primaryimage\",\"url\":\"https:\/\/eddycam.com\/wp-content\/uploads\/2022\/08\/6013-Big.EDDYCAM-scaled-1.jpg\",\"contentUrl\":\"https:\/\/eddycam.com\/wp-content\/uploads\/2022\/08\/6013-Big.EDDYCAM-scaled-1.jpg\",\"width\":2560,\"height\":1707},{\"@type\":\"BreadcrumbList\",\"@id\":\"https:\/\/eddycam.com\/shop\/60-mm-cognac-natur-vintage-demomodell-mit-kleinem-schoenheitsfehler\/#breadcrumb\",\"itemListElement\":[{\"@type\":\"ListItem\",\"position\":1,\"name\":\"Home\",\"item\":\"https:\/\/en.eddycam.com\/\"},{\"@type\":\"ListItem\",\"position\":2,\"name\":\"Store\",\"item\":\"https:\/\/en.eddycam.com\/shop\/\"},{\"@type\":\"ListItem\",\"position\":3,\"name\":\"60 mm cognac-natural VINTAGE \/ demo model with small blemish\"}]},{\"@type\":\"WebSite\",\"@id\":\"https:\/\/eddycam.com\/#website\",\"url\":\"https:\/\/eddycam.com\/\",\"name\":\"EDDYCAM\",\"description\":\"EDDYCAM - Der erste und einzige ergonomische Kameragurt aus Elchleder\",\"publisher\":{\"@id\":\"https:\/\/eddycam.com\/#organization\"},\"potentialAction\":[{\"@type\":\"SearchAction\",\"target\":{\"@type\":\"EntryPoint\",\"urlTemplate\":\"https:\/\/eddycam.com\/?s={search_term_string}\"},\"query-input\":{\"@type\":\"PropertyValueSpecification\",\"valueRequired\":true,\"valueName\":\"search_term_string\"}}],\"inLanguage\":\"en-US\"},{\"@type\":\"Organization\",\"@id\":\"https:\/\/eddycam.com\/#organization\",\"name\":\"EDDYCAM\",\"url\":\"https:\/\/eddycam.com\/\",\"logo\":{\"@type\":\"ImageObject\",\"inLanguage\":\"en-US\",\"@id\":\"https:\/\/eddycam.com\/#\/schema\/logo\/image\/\",\"url\":\"https:\/\/eddycam.com\/wp-content\/uploads\/2022\/10\/eddycam-logo-website-4.png\",\"contentUrl\":\"https:\/\/eddycam.com\/wp-content\/uploads\/2022\/10\/eddycam-logo-website-4.png\",\"width\":833,\"height\":325,\"caption\":\"EDDYCAM\"},\"image\":{\"@id\":\"https:\/\/eddycam.com\/#\/schema\/logo\/image\/\"},\"sameAs\":[\"https:\/\/www.facebook.com\/eddycam.foto\/\",\"https:\/\/www.instagram.com\/eddycam_deutschland\/\"]}]}<\/script>\n<!-- \/ Yoast SEO plugin. -->","yoast_head_json":{"title":"60 mm cognac-natural VINTAGE \/ demo model with small blemish - EDDYCAM","robots":{"index":"index","follow":"follow","max-snippet":"max-snippet:-1","max-image-preview":"max-image-preview:large","max-video-preview":"max-video-preview:-1"},"canonical":"https:\/\/eddycam.com\/shop\/60-mm-cognac-natur-vintage-demomodell-mit-kleinem-schoenheitsfehler\/","og_locale":"en_US","og_type":"article","og_title":"60 mm cognac-natural VINTAGE \/ demo model with small blemish - EDDYCAM","og_description":"Article 6063S Demo model with small blemish on the inside, See photo &nbsp; EDDYCAM is the special camera strap made of elk leather. Durch seine Elastizit\u00e4t bietet er au\u00dfergew\u00f6hnlich hohen Tragekomfort. Die Farben dieses EDDYCAMs sind au\u00dfen cognac und innen natur. The contrast stitching picks up the light color of the inside and thus sets clear accents. The leather end pieces and strap are brown, the powder coated stainless steel clamps are black.","og_url":"https:\/\/eddycam.com\/shop\/60-mm-cognac-natur-vintage-demomodell-mit-kleinem-schoenheitsfehler\/","og_site_name":"EDDYCAM","article_publisher":"https:\/\/www.facebook.com\/eddycam.foto\/","og_image":[{"width":2560,"height":1707,"url":"https:\/\/eddycam.com\/wp-content\/uploads\/2022\/08\/6013-Big.EDDYCAM-scaled-1.jpg","type":"image\/jpeg"}],"twitter_card":"summary_large_image","twitter_misc":{"Est. reading time":"1 minute"},"schema":{"@context":"https:\/\/schema.org","@graph":[{"@type":"WebPage","@id":"https:\/\/eddycam.com\/shop\/60-mm-cognac-natur-vintage-demomodell-mit-kleinem-schoenheitsfehler\/","url":"https:\/\/eddycam.com\/shop\/60-mm-cognac-natur-vintage-demomodell-mit-kleinem-schoenheitsfehler\/","name":"60 mm cognac-natural VINTAGE \/ demo model with small blemish - EDDYCAM","isPartOf":{"@id":"https:\/\/eddycam.com\/#website"},"primaryImageOfPage":{"@id":"https:\/\/eddycam.com\/shop\/60-mm-cognac-natur-vintage-demomodell-mit-kleinem-schoenheitsfehler\/#primaryimage"},"image":{"@id":"https:\/\/eddycam.com\/shop\/60-mm-cognac-natur-vintage-demomodell-mit-kleinem-schoenheitsfehler\/#primaryimage"},"thumbnailUrl":"https:\/\/eddycam.com\/wp-content\/uploads\/2022\/08\/6013-Big.EDDYCAM-scaled-1.jpg","datePublished":"2023-02-09T10:33:56+00:00","breadcrumb":{"@id":"https:\/\/eddycam.com\/shop\/60-mm-cognac-natur-vintage-demomodell-mit-kleinem-schoenheitsfehler\/#breadcrumb"},"inLanguage":"en-US","potentialAction":[{"@type":"ReadAction","target":["https:\/\/eddycam.com\/shop\/60-mm-cognac-natur-vintage-demomodell-mit-kleinem-schoenheitsfehler\/"]}]},{"@type":"ImageObject","inLanguage":"en-US","@id":"https:\/\/eddycam.com\/shop\/60-mm-cognac-natur-vintage-demomodell-mit-kleinem-schoenheitsfehler\/#primaryimage","url":"https:\/\/eddycam.com\/wp-content\/uploads\/2022\/08\/6013-Big.EDDYCAM-scaled-1.jpg","contentUrl":"https:\/\/eddycam.com\/wp-content\/uploads\/2022\/08\/6013-Big.EDDYCAM-scaled-1.jpg","width":2560,"height":1707},{"@type":"BreadcrumbList","@id":"https:\/\/eddycam.com\/shop\/60-mm-cognac-natur-vintage-demomodell-mit-kleinem-schoenheitsfehler\/#breadcrumb","itemListElement":[{"@type":"ListItem","position":1,"name":"Home","item":"https:\/\/en.eddycam.com\/"},{"@type":"ListItem","position":2,"name":"Store","item":"https:\/\/en.eddycam.com\/shop\/"},{"@type":"ListItem","position":3,"name":"60 mm cognac-natural VINTAGE \/ demo model with small blemish"}]},{"@type":"WebSite","@id":"https:\/\/eddycam.com\/#website","url":"https:\/\/eddycam.com\/","name":"EDDYCAM","description":"EDDYCAM - Der erste und einzige ergonomische Kameragurt aus Elchleder","publisher":{"@id":"https:\/\/eddycam.com\/#organization"},"potentialAction":[{"@type":"SearchAction","target":{"@type":"EntryPoint","urlTemplate":"https:\/\/eddycam.com\/?s={search_term_string}"},"query-input":{"@type":"PropertyValueSpecification","valueRequired":true,"valueName":"search_term_string"}}],"inLanguage":"en-US"},{"@type":"Organization","@id":"https:\/\/eddycam.com\/#organization","name":"EDDYCAM","url":"https:\/\/eddycam.com\/","logo":{"@type":"ImageObject","inLanguage":"en-US","@id":"https:\/\/eddycam.com\/#\/schema\/logo\/image\/","url":"https:\/\/eddycam.com\/wp-content\/uploads\/2022\/10\/eddycam-logo-website-4.png","contentUrl":"https:\/\/eddycam.com\/wp-content\/uploads\/2022\/10\/eddycam-logo-website-4.png","width":833,"height":325,"caption":"EDDYCAM"},"image":{"@id":"https:\/\/eddycam.com\/#\/schema\/logo\/image\/"},"sameAs":["https:\/\/www.facebook.com\/eddycam.foto\/","https:\/\/www.instagram.com\/eddycam_deutschland\/"]}]}},"jetpack_publicize_connections":[],"uagb_featured_image_src":{"full":["https:\/\/eddycam.com\/wp-content\/uploads\/2022\/08\/6013-Big.EDDYCAM-scaled-1.jpg",2560,1707,false],"thumbnail":["https:\/\/eddycam.com\/wp-content\/uploads\/2022\/08\/6013-Big.EDDYCAM-scaled-1-150x150.jpg",150,150,true],"medium":["https:\/\/eddycam.com\/wp-content\/uploads\/2022\/08\/6013-Big.EDDYCAM-scaled-1-300x200.jpg",300,200,true],"medium_large":["https:\/\/eddycam.com\/wp-content\/uploads\/2022\/08\/6013-Big.EDDYCAM-scaled-1-768x512.jpg",768,512,true],"large":["https:\/\/eddycam.com\/wp-content\/uploads\/2022\/08\/6013-Big.EDDYCAM-scaled-1-1024x683.jpg",1024,683,true],"1536x1536":["https:\/\/eddycam.com\/wp-content\/uploads\/2022\/08\/6013-Big.EDDYCAM-scaled-1-1536x1024.jpg",1536,1024,true],"2048x2048":["https:\/\/eddycam.com\/wp-content\/uploads\/2022\/08\/6013-Big.EDDYCAM-scaled-1-2048x1366.jpg",2048,1366,true],"woocommerce_thumbnail":["https:\/\/eddycam.com\/wp-content\/uploads\/2022\/08\/6013-Big.EDDYCAM-scaled-1-450x281.jpg",450,281,true],"woocommerce_single":["https:\/\/eddycam.com\/wp-content\/uploads\/2022\/08\/6013-Big.EDDYCAM-scaled-1-600x400.jpg",600,400,true],"woocommerce_gallery_thumbnail":["https:\/\/eddycam.com\/wp-content\/uploads\/2022\/08\/6013-Big.EDDYCAM-scaled-1-160x90.jpg",160,90,true]},"uagb_author_info":{"display_name":"Sonja Sonnenschein","author_link":"https:\/\/eddycam.com\/en\/author\/"},"uagb_comment_info":0,"uagb_excerpt":"Article 6063S Demo model with small blemish on the inside, See photo &nbsp; EDDYCAM is the special camera strap made of elk leather. Durch seine Elastizit\u00e4t bietet er au\u00dfergew\u00f6hnlich hohen Tragekomfort. Die Farben dieses EDDYCAMs sind au\u00dfen cognac und innen natur. The contrast stitching picks up the light color of the inside and thus sets&hellip;","jetpack_sharing_enabled":true,"_links":{"self":[{"href":"https:\/\/eddycam.com\/en\/wp-json\/wp\/v2\/product\/7743","targetHints":{"allow":["GET"]}}],"collection":[{"href":"https:\/\/eddycam.com\/en\/wp-json\/wp\/v2\/product"}],"about":[{"href":"https:\/\/eddycam.com\/en\/wp-json\/wp\/v2\/types\/product"}],"replies":[{"embeddable":true,"href":"https:\/\/eddycam.com\/en\/wp-json\/wp\/v2\/comments?post=7743"}],"wp:featuredmedia":[{"embeddable":true,"href":"https:\/\/eddycam.com\/en\/wp-json\/wp\/v2\/media\/6143"}],"wp:attachment":[{"href":"https:\/\/eddycam.com\/en\/wp-json\/wp\/v2\/media?parent=7743"}],"wp:term":[{"taxonomy":"product_brand","embeddable":true,"href":"https:\/\/eddycam.com\/en\/wp-json\/wp\/v2\/product_brand?post=7743"},{"taxonomy":"product_cat","embeddable":true,"href":"https:\/\/eddycam.com\/en\/wp-json\/wp\/v2\/product_cat?post=7743"},{"taxonomy":"product_tag","embeddable":true,"href":"https:\/\/eddycam.com\/en\/wp-json\/wp\/v2\/product_tag?post=7743"}],"curies":[{"name":"wp","href":"https:\/\/api.w.org\/{rel}","templated":true}]}}