{"id":7739,"date":"2023-02-03T10:51:33","date_gmt":"2023-02-03T09:51:33","guid":{"rendered":"https:\/\/eddycam.com\/shop\/edition-50-mm-black-200-cm-demo-model\/"},"modified":"2023-02-03T10:51:33","modified_gmt":"2023-02-03T09:51:33","slug":"edition-50-mm-black-200-cm-demo-model","status":"publish","type":"product","link":"https:\/\/eddycam.com\/en\/shop\/edition-50-mm-black-200-cm-demo-model\/","title":{"rendered":"Edition 50 mm black 200 cm \/ demo model"},"content":{"rendered":"<p>&nbsp;<\/p>\n<h3><strong>Edition 50 mm black 200 cm<\/strong><\/h3>\n<p><strong>The universal EDDYCAM for the dedicated photographer.<\/strong><\/p>\n<h3>If you are passionate about photography and prefer to always have your system or reflex camera with you, you will find the Edition 50 mm a perfect companion. The soft, elastic elk leather makes this EDDYCAM easy to carry a camera, even with a medium telephoto lens. The leather part, with the comfortable natural rubber insert, is about 43 cm. The 50 EDDYCAMs have an overall length of approx. 155 cm and are suitable for weights up to approx. 3 kg. With the high quality nylon strap and the 4 trowalized stainless steel clamps, it offers enough scope for individual length adjustment. Camera protectors and triangle rings are included with the 50 mm edition. The ergonomic shape allows it to be worn on one shoulder, around the neck or diagonally. Everything about this Edition 50 mm is designed for comfort and safety, matching the high-quality equipment of the well-known camera manufacturers.<\/h3>\n<ul>\n<li>EDDYCAM 50 mm black 200 cm \/\/ Demo model with slight signs of use<\/li>\n<li>Article 5053S<\/li>\n<li>Stainless steel clamps (4x)<\/li>\n<li>Leather camera protection<\/li>\n<li>Triangle rings<\/li>\n<li>Leinenbeutel<\/li>\n<li>Mini brochure<\/li>\n<li>Total length approx. 200 cm<\/li>\n<li>Leather pad approx. 43 cm<\/li>\n<li>approx. 95 g (incl. clamps)<\/li>\n<li>100% handcraft<\/li>\n<li>Made in Germany<\/li>\n<\/ul>\n","protected":false},"excerpt":{"rendered":"<h4>Article 5053S<\/h4>\n<p>Demo model with slight signs of use<\/p>\n<h4>EDDYCAM is the special camera strap made of elk leather. Durch seine Elastizit\u00e4t bietet er au\u00dfergew\u00f6hnlich hohen Tragekomfort. Special model &#8221; 200 cm&#8221; is our version for people who are 190 cm and taller. The colors of this EDDYCAM are black outside and inside. Die Lederendst\u00fccke, das Band und die pulverbeschichteten Edelstahlklemmen sind schwarz.<\/h4>\n","protected":false},"featured_media":6080,"comment_status":"open","ping_status":"closed","template":"","meta":{"_acf_changed":false,"_uag_custom_page_level_css":"","site-sidebar-layout":"default","site-content-layout":"default","ast-site-content-layout":"default","site-content-style":"default","site-sidebar-style":"default","ast-global-header-display":"","ast-banner-title-visibility":"","ast-main-header-display":"","ast-hfb-above-header-display":"","ast-hfb-below-header-display":"","ast-hfb-mobile-header-display":"","site-post-title":"","ast-breadcrumbs-content":"","ast-featured-img":"","footer-sml-layout":"","ast-disable-related-posts":"","theme-transparent-header-meta":"default","adv-header-id-meta":"","stick-header-meta":"","header-above-stick-meta":"","header-main-stick-meta":"","header-below-stick-meta":"","astra-migrate-meta-layouts":"default","ast-page-background-enabled":"default","ast-page-background-meta":{"desktop":{"background-color":"","background-image":"","background-repeat":"repeat","background-position":"center center","background-size":"auto","background-attachment":"scroll","background-type":"","background-media":"","overlay-type":"","overlay-color":"","overlay-opacity":"","overlay-gradient":""},"tablet":{"background-color":"","background-image":"","background-repeat":"repeat","background-position":"center center","background-size":"auto","background-attachment":"scroll","background-type":"","background-media":"","overlay-type":"","overlay-color":"","overlay-opacity":"","overlay-gradient":""},"mobile":{"background-color":"","background-image":"","background-repeat":"repeat","background-position":"center center","background-size":"auto","background-attachment":"scroll","background-type":"","background-media":"","overlay-type":"","overlay-color":"","overlay-opacity":"","overlay-gradient":""}},"ast-content-background-meta":{"desktop":{"background-color":"var(--ast-global-color-5)","background-image":"","background-repeat":"repeat","background-position":"center center","background-size":"auto","background-attachment":"scroll","background-type":"","background-media":"","overlay-type":"","overlay-color":"","overlay-opacity":"","overlay-gradient":""},"tablet":{"background-color":"var(--ast-global-color-5)","background-image":"","background-repeat":"repeat","background-position":"center center","background-size":"auto","background-attachment":"scroll","background-type":"","background-media":"","overlay-type":"","overlay-color":"","overlay-opacity":"","overlay-gradient":""},"mobile":{"background-color":"var(--ast-global-color-5)","background-image":"","background-repeat":"repeat","background-position":"center center","background-size":"auto","background-attachment":"scroll","background-type":"","background-media":"","overlay-type":"","overlay-color":"","overlay-opacity":"","overlay-gradient":""}},"jetpack_publicize_message":"","jetpack_publicize_feature_enabled":true,"jetpack_social_post_already_shared":true,"jetpack_social_options":{"image_generator_settings":{"template":"highway","default_image_id":0,"font":"","enabled":false},"version":2}},"product_brand":[],"product_cat":[234],"product_tag":[273,299,307,309,310,311,324,339,239,264],"class_list":{"0":"post-7739","1":"product","2":"type-product","3":"status-publish","4":"has-post-thumbnail","6":"product_cat-uncategorized-en","7":"product_tag-color-black","8":"product_tag-leica-sl-en","9":"product_tag-nikon-en","10":"product_tag-panasonic-lumix-en","11":"product_tag-panasonic-en","12":"product_tag-pentax-en","13":"product_tag-sony-alpha-en","14":"product_tag-elastic-en-2","15":"product_tag-50mm-edition-eddycam-en","16":"product_tag-elk-leather-en","17":"product_shipping_class-free-shipping","18":"desktop-align-left","19":"tablet-align-left","20":"mobile-align-left","22":"first","23":"outofstock","24":"sale","25":"taxable","26":"shipping-taxable","27":"purchasable","28":"product-type-simple"},"acf":[],"yoast_head":"<!-- This site is optimized with the Yoast SEO plugin v27.2 - https:\/\/yoast.com\/product\/yoast-seo-wordpress\/ -->\n<title>Edition 50 mm black 200 cm \/ demo model - EDDYCAM<\/title>\n<meta name=\"robots\" content=\"index, follow, max-snippet:-1, max-image-preview:large, max-video-preview:-1\" \/>\n<link rel=\"canonical\" href=\"https:\/\/eddycam.com\/shop\/edition-50-mm-schwarz-200-cm-demomodell\/\" \/>\n<meta property=\"og:locale\" content=\"en_US\" \/>\n<meta property=\"og:type\" content=\"article\" \/>\n<meta property=\"og:title\" content=\"Edition 50 mm black 200 cm \/ demo model - EDDYCAM\" \/>\n<meta property=\"og:description\" content=\"Article 5053S Demo model with slight signs of use EDDYCAM is the special camera strap made of elk leather. Durch seine Elastizit\u00e4t bietet er au\u00dfergew\u00f6hnlich hohen Tragekomfort. Special model &quot; 200 cm&quot; is our version for people who are 190 cm and taller. The colors of this EDDYCAM are black outside and inside. Die Lederendst\u00fccke, das Band und die pulverbeschichteten Edelstahlklemmen sind schwarz.\" \/>\n<meta property=\"og:url\" content=\"https:\/\/eddycam.com\/shop\/edition-50-mm-schwarz-200-cm-demomodell\/\" \/>\n<meta property=\"og:site_name\" content=\"EDDYCAM\" \/>\n<meta property=\"article:publisher\" content=\"https:\/\/www.facebook.com\/eddycam.foto\/\" \/>\n<meta property=\"og:image\" content=\"https:\/\/eddycam.com\/wp-content\/uploads\/2022\/08\/5053-200cm-Optik.EDDYCAM-Text-scaled-1.jpg\" \/>\n\t<meta property=\"og:image:width\" content=\"2560\" \/>\n\t<meta property=\"og:image:height\" content=\"1706\" \/>\n\t<meta property=\"og:image:type\" content=\"image\/jpeg\" \/>\n<meta name=\"twitter:card\" content=\"summary_large_image\" \/>\n<meta name=\"twitter:label1\" content=\"Est. reading time\" \/>\n\t<meta name=\"twitter:data1\" content=\"1 minute\" \/>\n<script type=\"application\/ld+json\" class=\"yoast-schema-graph\">{\"@context\":\"https:\/\/schema.org\",\"@graph\":[{\"@type\":\"WebPage\",\"@id\":\"https:\/\/eddycam.com\/shop\/edition-50-mm-schwarz-200-cm-demomodell\/\",\"url\":\"https:\/\/eddycam.com\/shop\/edition-50-mm-schwarz-200-cm-demomodell\/\",\"name\":\"Edition 50 mm black 200 cm \/ demo model - EDDYCAM\",\"isPartOf\":{\"@id\":\"https:\/\/eddycam.com\/#website\"},\"primaryImageOfPage\":{\"@id\":\"https:\/\/eddycam.com\/shop\/edition-50-mm-schwarz-200-cm-demomodell\/#primaryimage\"},\"image\":{\"@id\":\"https:\/\/eddycam.com\/shop\/edition-50-mm-schwarz-200-cm-demomodell\/#primaryimage\"},\"thumbnailUrl\":\"https:\/\/eddycam.com\/wp-content\/uploads\/2022\/08\/5053-200cm-Optik.EDDYCAM-Text-scaled-1.jpg\",\"datePublished\":\"2023-02-03T09:51:33+00:00\",\"breadcrumb\":{\"@id\":\"https:\/\/eddycam.com\/shop\/edition-50-mm-schwarz-200-cm-demomodell\/#breadcrumb\"},\"inLanguage\":\"en-US\",\"potentialAction\":[{\"@type\":\"ReadAction\",\"target\":[\"https:\/\/eddycam.com\/shop\/edition-50-mm-schwarz-200-cm-demomodell\/\"]}]},{\"@type\":\"ImageObject\",\"inLanguage\":\"en-US\",\"@id\":\"https:\/\/eddycam.com\/shop\/edition-50-mm-schwarz-200-cm-demomodell\/#primaryimage\",\"url\":\"https:\/\/eddycam.com\/wp-content\/uploads\/2022\/08\/5053-200cm-Optik.EDDYCAM-Text-scaled-1.jpg\",\"contentUrl\":\"https:\/\/eddycam.com\/wp-content\/uploads\/2022\/08\/5053-200cm-Optik.EDDYCAM-Text-scaled-1.jpg\",\"width\":2560,\"height\":1706},{\"@type\":\"BreadcrumbList\",\"@id\":\"https:\/\/eddycam.com\/shop\/edition-50-mm-schwarz-200-cm-demomodell\/#breadcrumb\",\"itemListElement\":[{\"@type\":\"ListItem\",\"position\":1,\"name\":\"Home\",\"item\":\"https:\/\/en.eddycam.com\/\"},{\"@type\":\"ListItem\",\"position\":2,\"name\":\"Store\",\"item\":\"https:\/\/en.eddycam.com\/shop\/\"},{\"@type\":\"ListItem\",\"position\":3,\"name\":\"Edition 50 mm black 200 cm \/ demo model\"}]},{\"@type\":\"WebSite\",\"@id\":\"https:\/\/eddycam.com\/#website\",\"url\":\"https:\/\/eddycam.com\/\",\"name\":\"EDDYCAM\",\"description\":\"EDDYCAM - Der erste und einzige ergonomische Kameragurt aus Elchleder\",\"publisher\":{\"@id\":\"https:\/\/eddycam.com\/#organization\"},\"potentialAction\":[{\"@type\":\"SearchAction\",\"target\":{\"@type\":\"EntryPoint\",\"urlTemplate\":\"https:\/\/eddycam.com\/?s={search_term_string}\"},\"query-input\":{\"@type\":\"PropertyValueSpecification\",\"valueRequired\":true,\"valueName\":\"search_term_string\"}}],\"inLanguage\":\"en-US\"},{\"@type\":\"Organization\",\"@id\":\"https:\/\/eddycam.com\/#organization\",\"name\":\"EDDYCAM\",\"url\":\"https:\/\/eddycam.com\/\",\"logo\":{\"@type\":\"ImageObject\",\"inLanguage\":\"en-US\",\"@id\":\"https:\/\/eddycam.com\/#\/schema\/logo\/image\/\",\"url\":\"https:\/\/eddycam.com\/wp-content\/uploads\/2022\/10\/eddycam-logo-website-4.png\",\"contentUrl\":\"https:\/\/eddycam.com\/wp-content\/uploads\/2022\/10\/eddycam-logo-website-4.png\",\"width\":833,\"height\":325,\"caption\":\"EDDYCAM\"},\"image\":{\"@id\":\"https:\/\/eddycam.com\/#\/schema\/logo\/image\/\"},\"sameAs\":[\"https:\/\/www.facebook.com\/eddycam.foto\/\",\"https:\/\/www.instagram.com\/eddycam_deutschland\/\"]}]}<\/script>\n<!-- \/ Yoast SEO plugin. -->","yoast_head_json":{"title":"Edition 50 mm black 200 cm \/ demo model - EDDYCAM","robots":{"index":"index","follow":"follow","max-snippet":"max-snippet:-1","max-image-preview":"max-image-preview:large","max-video-preview":"max-video-preview:-1"},"canonical":"https:\/\/eddycam.com\/shop\/edition-50-mm-schwarz-200-cm-demomodell\/","og_locale":"en_US","og_type":"article","og_title":"Edition 50 mm black 200 cm \/ demo model - EDDYCAM","og_description":"Article 5053S Demo model with slight signs of use EDDYCAM is the special camera strap made of elk leather. Durch seine Elastizit\u00e4t bietet er au\u00dfergew\u00f6hnlich hohen Tragekomfort. Special model \" 200 cm\" is our version for people who are 190 cm and taller. The colors of this EDDYCAM are black outside and inside. Die Lederendst\u00fccke, das Band und die pulverbeschichteten Edelstahlklemmen sind schwarz.","og_url":"https:\/\/eddycam.com\/shop\/edition-50-mm-schwarz-200-cm-demomodell\/","og_site_name":"EDDYCAM","article_publisher":"https:\/\/www.facebook.com\/eddycam.foto\/","og_image":[{"width":2560,"height":1706,"url":"https:\/\/eddycam.com\/wp-content\/uploads\/2022\/08\/5053-200cm-Optik.EDDYCAM-Text-scaled-1.jpg","type":"image\/jpeg"}],"twitter_card":"summary_large_image","twitter_misc":{"Est. reading time":"1 minute"},"schema":{"@context":"https:\/\/schema.org","@graph":[{"@type":"WebPage","@id":"https:\/\/eddycam.com\/shop\/edition-50-mm-schwarz-200-cm-demomodell\/","url":"https:\/\/eddycam.com\/shop\/edition-50-mm-schwarz-200-cm-demomodell\/","name":"Edition 50 mm black 200 cm \/ demo model - EDDYCAM","isPartOf":{"@id":"https:\/\/eddycam.com\/#website"},"primaryImageOfPage":{"@id":"https:\/\/eddycam.com\/shop\/edition-50-mm-schwarz-200-cm-demomodell\/#primaryimage"},"image":{"@id":"https:\/\/eddycam.com\/shop\/edition-50-mm-schwarz-200-cm-demomodell\/#primaryimage"},"thumbnailUrl":"https:\/\/eddycam.com\/wp-content\/uploads\/2022\/08\/5053-200cm-Optik.EDDYCAM-Text-scaled-1.jpg","datePublished":"2023-02-03T09:51:33+00:00","breadcrumb":{"@id":"https:\/\/eddycam.com\/shop\/edition-50-mm-schwarz-200-cm-demomodell\/#breadcrumb"},"inLanguage":"en-US","potentialAction":[{"@type":"ReadAction","target":["https:\/\/eddycam.com\/shop\/edition-50-mm-schwarz-200-cm-demomodell\/"]}]},{"@type":"ImageObject","inLanguage":"en-US","@id":"https:\/\/eddycam.com\/shop\/edition-50-mm-schwarz-200-cm-demomodell\/#primaryimage","url":"https:\/\/eddycam.com\/wp-content\/uploads\/2022\/08\/5053-200cm-Optik.EDDYCAM-Text-scaled-1.jpg","contentUrl":"https:\/\/eddycam.com\/wp-content\/uploads\/2022\/08\/5053-200cm-Optik.EDDYCAM-Text-scaled-1.jpg","width":2560,"height":1706},{"@type":"BreadcrumbList","@id":"https:\/\/eddycam.com\/shop\/edition-50-mm-schwarz-200-cm-demomodell\/#breadcrumb","itemListElement":[{"@type":"ListItem","position":1,"name":"Home","item":"https:\/\/en.eddycam.com\/"},{"@type":"ListItem","position":2,"name":"Store","item":"https:\/\/en.eddycam.com\/shop\/"},{"@type":"ListItem","position":3,"name":"Edition 50 mm black 200 cm \/ demo model"}]},{"@type":"WebSite","@id":"https:\/\/eddycam.com\/#website","url":"https:\/\/eddycam.com\/","name":"EDDYCAM","description":"EDDYCAM - Der erste und einzige ergonomische Kameragurt aus Elchleder","publisher":{"@id":"https:\/\/eddycam.com\/#organization"},"potentialAction":[{"@type":"SearchAction","target":{"@type":"EntryPoint","urlTemplate":"https:\/\/eddycam.com\/?s={search_term_string}"},"query-input":{"@type":"PropertyValueSpecification","valueRequired":true,"valueName":"search_term_string"}}],"inLanguage":"en-US"},{"@type":"Organization","@id":"https:\/\/eddycam.com\/#organization","name":"EDDYCAM","url":"https:\/\/eddycam.com\/","logo":{"@type":"ImageObject","inLanguage":"en-US","@id":"https:\/\/eddycam.com\/#\/schema\/logo\/image\/","url":"https:\/\/eddycam.com\/wp-content\/uploads\/2022\/10\/eddycam-logo-website-4.png","contentUrl":"https:\/\/eddycam.com\/wp-content\/uploads\/2022\/10\/eddycam-logo-website-4.png","width":833,"height":325,"caption":"EDDYCAM"},"image":{"@id":"https:\/\/eddycam.com\/#\/schema\/logo\/image\/"},"sameAs":["https:\/\/www.facebook.com\/eddycam.foto\/","https:\/\/www.instagram.com\/eddycam_deutschland\/"]}]}},"jetpack_publicize_connections":[],"uagb_featured_image_src":{"full":["https:\/\/eddycam.com\/wp-content\/uploads\/2022\/08\/5053-200cm-Optik.EDDYCAM-Text-scaled-1.jpg",2560,1706,false],"thumbnail":["https:\/\/eddycam.com\/wp-content\/uploads\/2022\/08\/5053-200cm-Optik.EDDYCAM-Text-scaled-1-150x150.jpg",150,150,true],"medium":["https:\/\/eddycam.com\/wp-content\/uploads\/2022\/08\/5053-200cm-Optik.EDDYCAM-Text-scaled-1-300x200.jpg",300,200,true],"medium_large":["https:\/\/eddycam.com\/wp-content\/uploads\/2022\/08\/5053-200cm-Optik.EDDYCAM-Text-scaled-1-768x512.jpg",768,512,true],"large":["https:\/\/eddycam.com\/wp-content\/uploads\/2022\/08\/5053-200cm-Optik.EDDYCAM-Text-scaled-1-1024x682.jpg",1024,682,true],"1536x1536":["https:\/\/eddycam.com\/wp-content\/uploads\/2022\/08\/5053-200cm-Optik.EDDYCAM-Text-scaled-1-1536x1024.jpg",1536,1024,true],"2048x2048":["https:\/\/eddycam.com\/wp-content\/uploads\/2022\/08\/5053-200cm-Optik.EDDYCAM-Text-scaled-1-2048x1365.jpg",2048,1365,true],"woocommerce_thumbnail":["https:\/\/eddycam.com\/wp-content\/uploads\/2022\/08\/5053-200cm-Optik.EDDYCAM-Text-scaled-1-450x281.jpg",450,281,true],"woocommerce_single":["https:\/\/eddycam.com\/wp-content\/uploads\/2022\/08\/5053-200cm-Optik.EDDYCAM-Text-scaled-1-600x400.jpg",600,400,true],"woocommerce_gallery_thumbnail":["https:\/\/eddycam.com\/wp-content\/uploads\/2022\/08\/5053-200cm-Optik.EDDYCAM-Text-scaled-1-160x90.jpg",160,90,true]},"uagb_author_info":{"display_name":"Sonja Sonnenschein","author_link":"https:\/\/eddycam.com\/en\/author\/"},"uagb_comment_info":0,"uagb_excerpt":"Article 5053S Demo model with slight signs of use EDDYCAM is the special camera strap made of elk leather. Durch seine Elastizit\u00e4t bietet er au\u00dfergew\u00f6hnlich hohen Tragekomfort. Special model \" 200 cm\" is our version for people who are 190 cm and taller. The colors of this EDDYCAM are black outside and inside. Die Lederendst\u00fccke,&hellip;","jetpack_sharing_enabled":true,"_links":{"self":[{"href":"https:\/\/eddycam.com\/en\/wp-json\/wp\/v2\/product\/7739","targetHints":{"allow":["GET"]}}],"collection":[{"href":"https:\/\/eddycam.com\/en\/wp-json\/wp\/v2\/product"}],"about":[{"href":"https:\/\/eddycam.com\/en\/wp-json\/wp\/v2\/types\/product"}],"replies":[{"embeddable":true,"href":"https:\/\/eddycam.com\/en\/wp-json\/wp\/v2\/comments?post=7739"}],"wp:featuredmedia":[{"embeddable":true,"href":"https:\/\/eddycam.com\/en\/wp-json\/wp\/v2\/media\/6080"}],"wp:attachment":[{"href":"https:\/\/eddycam.com\/en\/wp-json\/wp\/v2\/media?parent=7739"}],"wp:term":[{"taxonomy":"product_brand","embeddable":true,"href":"https:\/\/eddycam.com\/en\/wp-json\/wp\/v2\/product_brand?post=7739"},{"taxonomy":"product_cat","embeddable":true,"href":"https:\/\/eddycam.com\/en\/wp-json\/wp\/v2\/product_cat?post=7739"},{"taxonomy":"product_tag","embeddable":true,"href":"https:\/\/eddycam.com\/en\/wp-json\/wp\/v2\/product_tag?post=7739"}],"curies":[{"name":"wp","href":"https:\/\/api.w.org\/{rel}","templated":true}]}}