{"id":7726,"date":"2023-02-03T11:42:11","date_gmt":"2023-02-03T10:42:11","guid":{"rendered":"https:\/\/eddycam.com\/shop\/33-mm-black-stitching-red-small-blemish\/"},"modified":"2023-02-03T11:42:11","modified_gmt":"2023-02-03T10:42:11","slug":"33-mm-black-seam-red-small-schoeneness-defect","status":"publish","type":"product","link":"https:\/\/eddycam.com\/en\/shop\/33-mm-black-seam-red-small-schoeneness-defect\/","title":{"rendered":"33 mm black stitching red \/ Small blemish"},"content":{"rendered":"<p>&nbsp;<\/p>\n<h3><strong>  33 mm black contrast stitching red<\/strong><\/h3>\n<p><strong>Designed for lightweight cameras and binoculars<\/strong><\/p>\n<h3>Optimally suited for photographers who have their camera in use for several hours. The soft, elastic elk leather and natural rubber padding make it comfortable to carry lightweight cameras and binoculars up to 0.8 kg. With a total length of about 140 cm, we have a leather portion of about 30 cm. This EDDYCAM is 33 mm at its widest point, resulting in good weight distribution. With the thermofixed nylon strap and the 2 trowalized stainless steel clamps, it offers absolute security and enough leeway for length adjustment. Ergonomic shape allows wearing around the neck, on one shoulder or diagonally. As with all EDDYCAM camera straps, all materials are extremely high quality, for example the connection between the nylon strap and the elastic elk leather. It is made of very high quality cowhide and is sewn with the thread from which seat belts are made.<\/h3>\n<ul>\n<li>EDDYCAM 33 mm black contrast stitching red \/\/ Small blemish on the inside, See photo<\/li>\n<li>Item 3377S<\/li>\n<li>Stainless steel clamps (2x)<\/li>\n<li>Leinenbeutel<\/li>\n<li>Mini brochure<\/li>\n<li>Total length approx. 140 cm<\/li>\n<li>Leather pad approx. 30 cm<\/li>\n<li>approx. 50 g (incl. clamps)<\/li>\n<li>100% handcraft<\/li>\n<li>Made in Germany<\/li>\n<\/ul>\n","protected":false},"excerpt":{"rendered":"<h4>Item 3377S<\/h4>\n<h4>With small blemish on the inside, See photo<\/h4>\n<p>&nbsp;<\/p>\n<h4>EDDYCAM is the special camera strap made of elk leather. Durch seine Elastizit\u00e4t bietet er au\u00dfergew\u00f6hnlich hohen Tragekomfort. Die Farben dieses EDDYCAMs sind au\u00dfen und innen schwarz. The contrast stitching in red sets clear accents. Die Lederendst\u00fccke, das Band und die pulverbeschichteten Edelstahlklemmen sind schwarz.<\/h4>\n","protected":false},"featured_media":5831,"comment_status":"open","ping_status":"closed","template":"","meta":{"_acf_changed":false,"_uag_custom_page_level_css":"","site-sidebar-layout":"default","site-content-layout":"default","ast-site-content-layout":"default","site-content-style":"default","site-sidebar-style":"default","ast-global-header-display":"","ast-banner-title-visibility":"","ast-main-header-display":"","ast-hfb-above-header-display":"","ast-hfb-below-header-display":"","ast-hfb-mobile-header-display":"","site-post-title":"","ast-breadcrumbs-content":"","ast-featured-img":"","footer-sml-layout":"","ast-disable-related-posts":"","theme-transparent-header-meta":"default","adv-header-id-meta":"","stick-header-meta":"","header-above-stick-meta":"","header-main-stick-meta":"","header-below-stick-meta":"","astra-migrate-meta-layouts":"default","ast-page-background-enabled":"default","ast-page-background-meta":{"desktop":{"background-color":"","background-image":"","background-repeat":"repeat","background-position":"center center","background-size":"auto","background-attachment":"scroll","background-type":"","background-media":"","overlay-type":"","overlay-color":"","overlay-opacity":"","overlay-gradient":""},"tablet":{"background-color":"","background-image":"","background-repeat":"repeat","background-position":"center center","background-size":"auto","background-attachment":"scroll","background-type":"","background-media":"","overlay-type":"","overlay-color":"","overlay-opacity":"","overlay-gradient":""},"mobile":{"background-color":"","background-image":"","background-repeat":"repeat","background-position":"center center","background-size":"auto","background-attachment":"scroll","background-type":"","background-media":"","overlay-type":"","overlay-color":"","overlay-opacity":"","overlay-gradient":""}},"ast-content-background-meta":{"desktop":{"background-color":"var(--ast-global-color-5)","background-image":"","background-repeat":"repeat","background-position":"center center","background-size":"auto","background-attachment":"scroll","background-type":"","background-media":"","overlay-type":"","overlay-color":"","overlay-opacity":"","overlay-gradient":""},"tablet":{"background-color":"var(--ast-global-color-5)","background-image":"","background-repeat":"repeat","background-position":"center center","background-size":"auto","background-attachment":"scroll","background-type":"","background-media":"","overlay-type":"","overlay-color":"","overlay-opacity":"","overlay-gradient":""},"mobile":{"background-color":"var(--ast-global-color-5)","background-image":"","background-repeat":"repeat","background-position":"center center","background-size":"auto","background-attachment":"scroll","background-type":"","background-media":"","overlay-type":"","overlay-color":"","overlay-opacity":"","overlay-gradient":""}},"jetpack_publicize_message":"","jetpack_publicize_feature_enabled":true,"jetpack_social_post_already_shared":true,"jetpack_social_options":{"image_generator_settings":{"template":"highway","default_image_id":0,"font":"","enabled":false},"version":2}},"product_brand":[],"product_cat":[234],"product_tag":[194,273,295],"class_list":{"0":"post-7726","1":"product","2":"type-product","3":"status-publish","4":"has-post-thumbnail","6":"product_cat-uncategorized-en","7":"product_tag-33mm-eddycam-en","8":"product_tag-color-black","9":"product_tag-contrast-stitching-red-en","10":"product_shipping_class-free-shipping","11":"desktop-align-left","12":"tablet-align-left","13":"mobile-align-left","15":"first","16":"outofstock","17":"sale","18":"featured","19":"taxable","20":"shipping-taxable","21":"purchasable","22":"product-type-simple"},"acf":[],"yoast_head":"<!-- This site is optimized with the Yoast SEO plugin v27.2 - https:\/\/yoast.com\/product\/yoast-seo-wordpress\/ -->\n<title>33 mm black stitching red \/ Small blemish - EDDYCAM<\/title>\n<meta name=\"robots\" content=\"index, follow, max-snippet:-1, max-image-preview:large, max-video-preview:-1\" \/>\n<link rel=\"canonical\" href=\"https:\/\/eddycam.com\/shop\/33-mm-schwarz-naht-rot-kleiner-schoenheitsfehler\/\" \/>\n<meta property=\"og:locale\" content=\"en_US\" \/>\n<meta property=\"og:type\" content=\"article\" \/>\n<meta property=\"og:title\" content=\"33 mm black stitching red \/ Small blemish - EDDYCAM\" \/>\n<meta property=\"og:description\" content=\"Item 3377S With small blemish on the inside, See photo &nbsp; EDDYCAM is the special camera strap made of elk leather. Durch seine Elastizit\u00e4t bietet er au\u00dfergew\u00f6hnlich hohen Tragekomfort. Die Farben dieses EDDYCAMs sind au\u00dfen und innen schwarz. The contrast stitching in red sets clear accents. Die Lederendst\u00fccke, das Band und die pulverbeschichteten Edelstahlklemmen sind schwarz.\" \/>\n<meta property=\"og:url\" content=\"https:\/\/eddycam.com\/shop\/33-mm-schwarz-naht-rot-kleiner-schoenheitsfehler\/\" \/>\n<meta property=\"og:site_name\" content=\"EDDYCAM\" \/>\n<meta property=\"article:publisher\" content=\"https:\/\/www.facebook.com\/eddycam.foto\/\" \/>\n<meta property=\"og:image\" content=\"https:\/\/eddycam.com\/wp-content\/uploads\/2022\/08\/3377_03.EDDYCAM-scaled-e1608998239214.jpg\" \/>\n\t<meta property=\"og:image:width\" content=\"2022\" \/>\n\t<meta property=\"og:image:height\" content=\"1517\" \/>\n\t<meta property=\"og:image:type\" content=\"image\/jpeg\" \/>\n<meta name=\"twitter:card\" content=\"summary_large_image\" \/>\n<meta name=\"twitter:label1\" content=\"Est. reading time\" \/>\n\t<meta name=\"twitter:data1\" content=\"1 minute\" \/>\n<script type=\"application\/ld+json\" class=\"yoast-schema-graph\">{\"@context\":\"https:\/\/schema.org\",\"@graph\":[{\"@type\":\"WebPage\",\"@id\":\"https:\/\/eddycam.com\/shop\/33-mm-schwarz-naht-rot-kleiner-schoenheitsfehler\/\",\"url\":\"https:\/\/eddycam.com\/shop\/33-mm-schwarz-naht-rot-kleiner-schoenheitsfehler\/\",\"name\":\"33 mm black stitching red \/ Small blemish - EDDYCAM\",\"isPartOf\":{\"@id\":\"https:\/\/eddycam.com\/#website\"},\"primaryImageOfPage\":{\"@id\":\"https:\/\/eddycam.com\/shop\/33-mm-schwarz-naht-rot-kleiner-schoenheitsfehler\/#primaryimage\"},\"image\":{\"@id\":\"https:\/\/eddycam.com\/shop\/33-mm-schwarz-naht-rot-kleiner-schoenheitsfehler\/#primaryimage\"},\"thumbnailUrl\":\"https:\/\/eddycam.com\/wp-content\/uploads\/2022\/08\/3377_03.EDDYCAM-scaled-e1608998239214.jpg\",\"datePublished\":\"2023-02-03T10:42:11+00:00\",\"breadcrumb\":{\"@id\":\"https:\/\/eddycam.com\/shop\/33-mm-schwarz-naht-rot-kleiner-schoenheitsfehler\/#breadcrumb\"},\"inLanguage\":\"en-US\",\"potentialAction\":[{\"@type\":\"ReadAction\",\"target\":[\"https:\/\/eddycam.com\/shop\/33-mm-schwarz-naht-rot-kleiner-schoenheitsfehler\/\"]}]},{\"@type\":\"ImageObject\",\"inLanguage\":\"en-US\",\"@id\":\"https:\/\/eddycam.com\/shop\/33-mm-schwarz-naht-rot-kleiner-schoenheitsfehler\/#primaryimage\",\"url\":\"https:\/\/eddycam.com\/wp-content\/uploads\/2022\/08\/3377_03.EDDYCAM-scaled-e1608998239214.jpg\",\"contentUrl\":\"https:\/\/eddycam.com\/wp-content\/uploads\/2022\/08\/3377_03.EDDYCAM-scaled-e1608998239214.jpg\",\"width\":2022,\"height\":1517},{\"@type\":\"BreadcrumbList\",\"@id\":\"https:\/\/eddycam.com\/shop\/33-mm-schwarz-naht-rot-kleiner-schoenheitsfehler\/#breadcrumb\",\"itemListElement\":[{\"@type\":\"ListItem\",\"position\":1,\"name\":\"Home\",\"item\":\"https:\/\/en.eddycam.com\/\"},{\"@type\":\"ListItem\",\"position\":2,\"name\":\"Store\",\"item\":\"https:\/\/en.eddycam.com\/shop\/\"},{\"@type\":\"ListItem\",\"position\":3,\"name\":\"33 mm black stitching red \/ Small blemish\"}]},{\"@type\":\"WebSite\",\"@id\":\"https:\/\/eddycam.com\/#website\",\"url\":\"https:\/\/eddycam.com\/\",\"name\":\"EDDYCAM\",\"description\":\"EDDYCAM - Der erste und einzige ergonomische Kameragurt aus Elchleder\",\"publisher\":{\"@id\":\"https:\/\/eddycam.com\/#organization\"},\"potentialAction\":[{\"@type\":\"SearchAction\",\"target\":{\"@type\":\"EntryPoint\",\"urlTemplate\":\"https:\/\/eddycam.com\/?s={search_term_string}\"},\"query-input\":{\"@type\":\"PropertyValueSpecification\",\"valueRequired\":true,\"valueName\":\"search_term_string\"}}],\"inLanguage\":\"en-US\"},{\"@type\":\"Organization\",\"@id\":\"https:\/\/eddycam.com\/#organization\",\"name\":\"EDDYCAM\",\"url\":\"https:\/\/eddycam.com\/\",\"logo\":{\"@type\":\"ImageObject\",\"inLanguage\":\"en-US\",\"@id\":\"https:\/\/eddycam.com\/#\/schema\/logo\/image\/\",\"url\":\"https:\/\/eddycam.com\/wp-content\/uploads\/2022\/10\/eddycam-logo-website-4.png\",\"contentUrl\":\"https:\/\/eddycam.com\/wp-content\/uploads\/2022\/10\/eddycam-logo-website-4.png\",\"width\":833,\"height\":325,\"caption\":\"EDDYCAM\"},\"image\":{\"@id\":\"https:\/\/eddycam.com\/#\/schema\/logo\/image\/\"},\"sameAs\":[\"https:\/\/www.facebook.com\/eddycam.foto\/\",\"https:\/\/www.instagram.com\/eddycam_deutschland\/\"]}]}<\/script>\n<!-- \/ Yoast SEO plugin. -->","yoast_head_json":{"title":"33 mm black stitching red \/ Small blemish - EDDYCAM","robots":{"index":"index","follow":"follow","max-snippet":"max-snippet:-1","max-image-preview":"max-image-preview:large","max-video-preview":"max-video-preview:-1"},"canonical":"https:\/\/eddycam.com\/shop\/33-mm-schwarz-naht-rot-kleiner-schoenheitsfehler\/","og_locale":"en_US","og_type":"article","og_title":"33 mm black stitching red \/ Small blemish - EDDYCAM","og_description":"Item 3377S With small blemish on the inside, See photo &nbsp; EDDYCAM is the special camera strap made of elk leather. Durch seine Elastizit\u00e4t bietet er au\u00dfergew\u00f6hnlich hohen Tragekomfort. Die Farben dieses EDDYCAMs sind au\u00dfen und innen schwarz. The contrast stitching in red sets clear accents. Die Lederendst\u00fccke, das Band und die pulverbeschichteten Edelstahlklemmen sind schwarz.","og_url":"https:\/\/eddycam.com\/shop\/33-mm-schwarz-naht-rot-kleiner-schoenheitsfehler\/","og_site_name":"EDDYCAM","article_publisher":"https:\/\/www.facebook.com\/eddycam.foto\/","og_image":[{"width":2022,"height":1517,"url":"https:\/\/eddycam.com\/wp-content\/uploads\/2022\/08\/3377_03.EDDYCAM-scaled-e1608998239214.jpg","type":"image\/jpeg"}],"twitter_card":"summary_large_image","twitter_misc":{"Est. reading time":"1 minute"},"schema":{"@context":"https:\/\/schema.org","@graph":[{"@type":"WebPage","@id":"https:\/\/eddycam.com\/shop\/33-mm-schwarz-naht-rot-kleiner-schoenheitsfehler\/","url":"https:\/\/eddycam.com\/shop\/33-mm-schwarz-naht-rot-kleiner-schoenheitsfehler\/","name":"33 mm black stitching red \/ Small blemish - EDDYCAM","isPartOf":{"@id":"https:\/\/eddycam.com\/#website"},"primaryImageOfPage":{"@id":"https:\/\/eddycam.com\/shop\/33-mm-schwarz-naht-rot-kleiner-schoenheitsfehler\/#primaryimage"},"image":{"@id":"https:\/\/eddycam.com\/shop\/33-mm-schwarz-naht-rot-kleiner-schoenheitsfehler\/#primaryimage"},"thumbnailUrl":"https:\/\/eddycam.com\/wp-content\/uploads\/2022\/08\/3377_03.EDDYCAM-scaled-e1608998239214.jpg","datePublished":"2023-02-03T10:42:11+00:00","breadcrumb":{"@id":"https:\/\/eddycam.com\/shop\/33-mm-schwarz-naht-rot-kleiner-schoenheitsfehler\/#breadcrumb"},"inLanguage":"en-US","potentialAction":[{"@type":"ReadAction","target":["https:\/\/eddycam.com\/shop\/33-mm-schwarz-naht-rot-kleiner-schoenheitsfehler\/"]}]},{"@type":"ImageObject","inLanguage":"en-US","@id":"https:\/\/eddycam.com\/shop\/33-mm-schwarz-naht-rot-kleiner-schoenheitsfehler\/#primaryimage","url":"https:\/\/eddycam.com\/wp-content\/uploads\/2022\/08\/3377_03.EDDYCAM-scaled-e1608998239214.jpg","contentUrl":"https:\/\/eddycam.com\/wp-content\/uploads\/2022\/08\/3377_03.EDDYCAM-scaled-e1608998239214.jpg","width":2022,"height":1517},{"@type":"BreadcrumbList","@id":"https:\/\/eddycam.com\/shop\/33-mm-schwarz-naht-rot-kleiner-schoenheitsfehler\/#breadcrumb","itemListElement":[{"@type":"ListItem","position":1,"name":"Home","item":"https:\/\/en.eddycam.com\/"},{"@type":"ListItem","position":2,"name":"Store","item":"https:\/\/en.eddycam.com\/shop\/"},{"@type":"ListItem","position":3,"name":"33 mm black stitching red \/ Small blemish"}]},{"@type":"WebSite","@id":"https:\/\/eddycam.com\/#website","url":"https:\/\/eddycam.com\/","name":"EDDYCAM","description":"EDDYCAM - Der erste und einzige ergonomische Kameragurt aus Elchleder","publisher":{"@id":"https:\/\/eddycam.com\/#organization"},"potentialAction":[{"@type":"SearchAction","target":{"@type":"EntryPoint","urlTemplate":"https:\/\/eddycam.com\/?s={search_term_string}"},"query-input":{"@type":"PropertyValueSpecification","valueRequired":true,"valueName":"search_term_string"}}],"inLanguage":"en-US"},{"@type":"Organization","@id":"https:\/\/eddycam.com\/#organization","name":"EDDYCAM","url":"https:\/\/eddycam.com\/","logo":{"@type":"ImageObject","inLanguage":"en-US","@id":"https:\/\/eddycam.com\/#\/schema\/logo\/image\/","url":"https:\/\/eddycam.com\/wp-content\/uploads\/2022\/10\/eddycam-logo-website-4.png","contentUrl":"https:\/\/eddycam.com\/wp-content\/uploads\/2022\/10\/eddycam-logo-website-4.png","width":833,"height":325,"caption":"EDDYCAM"},"image":{"@id":"https:\/\/eddycam.com\/#\/schema\/logo\/image\/"},"sameAs":["https:\/\/www.facebook.com\/eddycam.foto\/","https:\/\/www.instagram.com\/eddycam_deutschland\/"]}]}},"jetpack_publicize_connections":[],"uagb_featured_image_src":{"full":["https:\/\/eddycam.com\/wp-content\/uploads\/2022\/08\/3377_03.EDDYCAM-scaled-e1608998239214.jpg",2022,1517,false],"thumbnail":["https:\/\/eddycam.com\/wp-content\/uploads\/2022\/08\/3377_03.EDDYCAM-scaled-e1608998239214-150x150.jpg",150,150,true],"medium":["https:\/\/eddycam.com\/wp-content\/uploads\/2022\/08\/3377_03.EDDYCAM-scaled-e1608998239214-300x225.jpg",300,225,true],"medium_large":["https:\/\/eddycam.com\/wp-content\/uploads\/2022\/08\/3377_03.EDDYCAM-scaled-e1608998239214-768x576.jpg",768,576,true],"large":["https:\/\/eddycam.com\/wp-content\/uploads\/2022\/08\/3377_03.EDDYCAM-scaled-e1608998239214-1024x768.jpg",1024,768,true],"1536x1536":["https:\/\/eddycam.com\/wp-content\/uploads\/2022\/08\/3377_03.EDDYCAM-scaled-e1608998239214-1536x1152.jpg",1536,1152,true],"2048x2048":["https:\/\/eddycam.com\/wp-content\/uploads\/2022\/08\/3377_03.EDDYCAM-scaled-e1608998239214.jpg",2022,1517,false],"woocommerce_thumbnail":["https:\/\/eddycam.com\/wp-content\/uploads\/2022\/08\/3377_03.EDDYCAM-scaled-e1608998239214-450x281.jpg",450,281,true],"woocommerce_single":["https:\/\/eddycam.com\/wp-content\/uploads\/2022\/08\/3377_03.EDDYCAM-scaled-e1608998239214-600x450.jpg",600,450,true],"woocommerce_gallery_thumbnail":["https:\/\/eddycam.com\/wp-content\/uploads\/2022\/08\/3377_03.EDDYCAM-scaled-e1608998239214-160x90.jpg",160,90,true]},"uagb_author_info":{"display_name":"Sonja Sonnenschein","author_link":"https:\/\/eddycam.com\/en\/author\/"},"uagb_comment_info":0,"uagb_excerpt":"Item 3377S With small blemish on the inside, See photo &nbsp; EDDYCAM is the special camera strap made of elk leather. Durch seine Elastizit\u00e4t bietet er au\u00dfergew\u00f6hnlich hohen Tragekomfort. Die Farben dieses EDDYCAMs sind au\u00dfen und innen schwarz. The contrast stitching in red sets clear accents. Die Lederendst\u00fccke, das Band und die pulverbeschichteten Edelstahlklemmen sind&hellip;","jetpack_sharing_enabled":true,"_links":{"self":[{"href":"https:\/\/eddycam.com\/en\/wp-json\/wp\/v2\/product\/7726","targetHints":{"allow":["GET"]}}],"collection":[{"href":"https:\/\/eddycam.com\/en\/wp-json\/wp\/v2\/product"}],"about":[{"href":"https:\/\/eddycam.com\/en\/wp-json\/wp\/v2\/types\/product"}],"replies":[{"embeddable":true,"href":"https:\/\/eddycam.com\/en\/wp-json\/wp\/v2\/comments?post=7726"}],"wp:featuredmedia":[{"embeddable":true,"href":"https:\/\/eddycam.com\/en\/wp-json\/wp\/v2\/media\/5831"}],"wp:attachment":[{"href":"https:\/\/eddycam.com\/en\/wp-json\/wp\/v2\/media?parent=7726"}],"wp:term":[{"taxonomy":"product_brand","embeddable":true,"href":"https:\/\/eddycam.com\/en\/wp-json\/wp\/v2\/product_brand?post=7726"},{"taxonomy":"product_cat","embeddable":true,"href":"https:\/\/eddycam.com\/en\/wp-json\/wp\/v2\/product_cat?post=7726"},{"taxonomy":"product_tag","embeddable":true,"href":"https:\/\/eddycam.com\/en\/wp-json\/wp\/v2\/product_tag?post=7726"}],"curies":[{"name":"wp","href":"https:\/\/api.w.org\/{rel}","templated":true}]}}