{"id":7717,"date":"2022-11-22T10:16:39","date_gmt":"2022-11-22T09:16:39","guid":{"rendered":"https:\/\/eddycam.com\/shop\/33-mm-black-red-demo-goods\/"},"modified":"2022-11-22T10:16:39","modified_gmt":"2022-11-22T09:16:39","slug":"33-mm-black-red-demoware","status":"publish","type":"product","link":"https:\/\/eddycam.com\/en\/shop\/33-mm-black-red-demoware\/","title":{"rendered":"33 mm black-red \/ demo goods"},"content":{"rendered":"<p>&nbsp;<\/p>\n<h3><strong>  33 mm black red contrast stitching<\/strong><\/h3>\n<p><strong>Designed for lightweight cameras and binoculars<\/strong><\/p>\n<h3>Optimally suited for photographers who have their camera in use for several hours. The soft, elastic elk leather and natural rubber padding make it comfortable to carry lightweight cameras and binoculars up to 0.8 kg. With a total length of about 140 cm, we have a leather portion of about 30 cm. This EDDYCAM is 33 mm at its widest point, resulting in good weight distribution. With the thermofixed nylon strap and the 2 trowalized stainless steel clamps, it offers absolute security and enough leeway for length adjustment. Ergonomic shape allows wearing around the neck, on one shoulder or diagonally. As with all EDDYCAM camera straps, all materials are extremely high quality, for example the connection between the nylon strap and the elastic elk leather. It is made of very high quality cowhide and is sewn with the thread from which seat belts are made.<\/h3>\n<ul>\n<li>EDDYCAM 33 mm black-red contrast stitching \/\/ <strong>Demo goods with slight signs of wear!<\/strong><\/li>\n<li>Article 3315S<\/li>\n<li>Stainless steel clamps (2x)<\/li>\n<li>Leinenbeutel<\/li>\n<li>Mini brochure<\/li>\n<li>Total length approx. 140 cm<\/li>\n<li>Leather pad approx. 30 cm<\/li>\n<li>approx. 50 g (incl. clamps)<\/li>\n<li>100% handcraft<\/li>\n<li>Made in Germany<\/li>\n<\/ul>\n","protected":false},"excerpt":{"rendered":"<h4>Article 3315S<\/h4>\n<p><strong>With slight signs of use<\/strong><\/p>\n<h4>EDDYCAM is the special camera strap made of elk leather. Durch seine Elastizit\u00e4t bietet er au\u00dfergew\u00f6hnlich hohen Tragekomfort. The colors of this EDDYCAM are black outside and red inside. The contrast stitching picks up the color of the inside and thus sets clear accents. Die Lederendst\u00fccke, das Band und die pulverbeschichteten Edelstahlklemmen sind schwarz.<\/h4>\n","protected":false},"featured_media":10534,"comment_status":"open","ping_status":"closed","template":"","meta":{"_acf_changed":false,"_uag_custom_page_level_css":"","site-sidebar-layout":"default","site-content-layout":"default","ast-site-content-layout":"default","site-content-style":"default","site-sidebar-style":"default","ast-global-header-display":"","ast-banner-title-visibility":"","ast-main-header-display":"","ast-hfb-above-header-display":"","ast-hfb-below-header-display":"","ast-hfb-mobile-header-display":"","site-post-title":"","ast-breadcrumbs-content":"","ast-featured-img":"","footer-sml-layout":"","ast-disable-related-posts":"","theme-transparent-header-meta":"default","adv-header-id-meta":"","stick-header-meta":"","header-above-stick-meta":"","header-main-stick-meta":"","header-below-stick-meta":"","astra-migrate-meta-layouts":"default","ast-page-background-enabled":"default","ast-page-background-meta":{"desktop":{"background-color":"","background-image":"","background-repeat":"repeat","background-position":"center center","background-size":"auto","background-attachment":"scroll","background-type":"","background-media":"","overlay-type":"","overlay-color":"","overlay-opacity":"","overlay-gradient":""},"tablet":{"background-color":"","background-image":"","background-repeat":"repeat","background-position":"center center","background-size":"auto","background-attachment":"scroll","background-type":"","background-media":"","overlay-type":"","overlay-color":"","overlay-opacity":"","overlay-gradient":""},"mobile":{"background-color":"","background-image":"","background-repeat":"repeat","background-position":"center center","background-size":"auto","background-attachment":"scroll","background-type":"","background-media":"","overlay-type":"","overlay-color":"","overlay-opacity":"","overlay-gradient":""}},"ast-content-background-meta":{"desktop":{"background-color":"var(--ast-global-color-5)","background-image":"","background-repeat":"repeat","background-position":"center center","background-size":"auto","background-attachment":"scroll","background-type":"","background-media":"","overlay-type":"","overlay-color":"","overlay-opacity":"","overlay-gradient":""},"tablet":{"background-color":"var(--ast-global-color-5)","background-image":"","background-repeat":"repeat","background-position":"center center","background-size":"auto","background-attachment":"scroll","background-type":"","background-media":"","overlay-type":"","overlay-color":"","overlay-opacity":"","overlay-gradient":""},"mobile":{"background-color":"var(--ast-global-color-5)","background-image":"","background-repeat":"repeat","background-position":"center center","background-size":"auto","background-attachment":"scroll","background-type":"","background-media":"","overlay-type":"","overlay-color":"","overlay-opacity":"","overlay-gradient":""}},"jetpack_publicize_message":"","jetpack_publicize_feature_enabled":true,"jetpack_social_post_already_shared":true,"jetpack_social_options":{"image_generator_settings":{"template":"highway","default_image_id":0,"font":"","enabled":false},"version":2}},"product_brand":[],"product_cat":[220,234],"product_tag":[269,273,291,194],"class_list":{"0":"post-7717","1":"product","2":"type-product","3":"status-publish","4":"has-post-thumbnail","6":"product_cat-treasure-trove","7":"product_cat-uncategorized-en","8":"product_tag-color-inside-red","9":"product_tag-color-black","10":"product_tag-contrast-stitching-red","11":"product_tag-33mm-eddycam-en","12":"product_shipping_class-free-shipping","13":"desktop-align-left","14":"tablet-align-left","15":"mobile-align-left","17":"first","18":"outofstock","19":"sale","20":"taxable","21":"shipping-taxable","22":"purchasable","23":"product-type-simple"},"acf":[],"yoast_head":"<!-- This site is optimized with the Yoast SEO plugin v27.2 - https:\/\/yoast.com\/product\/yoast-seo-wordpress\/ -->\n<title>33 mm black-red \/ demo goods - EDDYCAM<\/title>\n<meta name=\"robots\" content=\"index, follow, max-snippet:-1, max-image-preview:large, max-video-preview:-1\" \/>\n<link rel=\"canonical\" href=\"https:\/\/eddycam.com\/shop\/33-mm-schwarz-rot-schwache-logopraegung\/\" \/>\n<meta property=\"og:locale\" content=\"en_US\" \/>\n<meta property=\"og:type\" content=\"article\" \/>\n<meta property=\"og:title\" content=\"33 mm black-red \/ demo goods - EDDYCAM\" \/>\n<meta property=\"og:description\" content=\"Article 3315S With slight signs of use EDDYCAM is the special camera strap made of elk leather. Durch seine Elastizit\u00e4t bietet er au\u00dfergew\u00f6hnlich hohen Tragekomfort. The colors of this EDDYCAM are black outside and red inside. The contrast stitching picks up the color of the inside and thus sets clear accents. Die Lederendst\u00fccke, das Band und die pulverbeschichteten Edelstahlklemmen sind schwarz.\" \/>\n<meta property=\"og:url\" content=\"https:\/\/eddycam.com\/shop\/33-mm-schwarz-rot-schwache-logopraegung\/\" \/>\n<meta property=\"og:site_name\" content=\"EDDYCAM\" \/>\n<meta property=\"article:publisher\" content=\"https:\/\/www.facebook.com\/eddycam.foto\/\" \/>\n<meta property=\"og:image\" content=\"https:\/\/eddycam.com\/wp-content\/uploads\/2025\/09\/3315_schwache-Praegung-scaled.jpg\" \/>\n\t<meta property=\"og:image:width\" content=\"2560\" \/>\n\t<meta property=\"og:image:height\" content=\"1440\" \/>\n\t<meta property=\"og:image:type\" content=\"image\/jpeg\" \/>\n<meta name=\"twitter:card\" content=\"summary_large_image\" \/>\n<meta name=\"twitter:label1\" content=\"Est. reading time\" \/>\n\t<meta name=\"twitter:data1\" content=\"1 minute\" \/>\n<script type=\"application\/ld+json\" class=\"yoast-schema-graph\">{\"@context\":\"https:\/\/schema.org\",\"@graph\":[{\"@type\":\"WebPage\",\"@id\":\"https:\/\/eddycam.com\/shop\/33-mm-schwarz-rot-schwache-logopraegung\/\",\"url\":\"https:\/\/eddycam.com\/shop\/33-mm-schwarz-rot-schwache-logopraegung\/\",\"name\":\"33 mm black-red \/ demo goods - EDDYCAM\",\"isPartOf\":{\"@id\":\"https:\/\/eddycam.com\/#website\"},\"primaryImageOfPage\":{\"@id\":\"https:\/\/eddycam.com\/shop\/33-mm-schwarz-rot-schwache-logopraegung\/#primaryimage\"},\"image\":{\"@id\":\"https:\/\/eddycam.com\/shop\/33-mm-schwarz-rot-schwache-logopraegung\/#primaryimage\"},\"thumbnailUrl\":\"https:\/\/eddycam.com\/wp-content\/uploads\/2025\/09\/3315_schwache-Praegung-scaled.jpg\",\"datePublished\":\"2022-11-22T09:16:39+00:00\",\"breadcrumb\":{\"@id\":\"https:\/\/eddycam.com\/shop\/33-mm-schwarz-rot-schwache-logopraegung\/#breadcrumb\"},\"inLanguage\":\"en-US\",\"potentialAction\":[{\"@type\":\"ReadAction\",\"target\":[\"https:\/\/eddycam.com\/shop\/33-mm-schwarz-rot-schwache-logopraegung\/\"]}]},{\"@type\":\"ImageObject\",\"inLanguage\":\"en-US\",\"@id\":\"https:\/\/eddycam.com\/shop\/33-mm-schwarz-rot-schwache-logopraegung\/#primaryimage\",\"url\":\"https:\/\/eddycam.com\/wp-content\/uploads\/2025\/09\/3315_schwache-Praegung-scaled.jpg\",\"contentUrl\":\"https:\/\/eddycam.com\/wp-content\/uploads\/2025\/09\/3315_schwache-Praegung-scaled.jpg\",\"width\":2560,\"height\":1440},{\"@type\":\"BreadcrumbList\",\"@id\":\"https:\/\/eddycam.com\/shop\/33-mm-schwarz-rot-schwache-logopraegung\/#breadcrumb\",\"itemListElement\":[{\"@type\":\"ListItem\",\"position\":1,\"name\":\"Home\",\"item\":\"https:\/\/en.eddycam.com\/\"},{\"@type\":\"ListItem\",\"position\":2,\"name\":\"Store\",\"item\":\"https:\/\/en.eddycam.com\/shop\/\"},{\"@type\":\"ListItem\",\"position\":3,\"name\":\"33 mm black-red \/ demo goods\"}]},{\"@type\":\"WebSite\",\"@id\":\"https:\/\/eddycam.com\/#website\",\"url\":\"https:\/\/eddycam.com\/\",\"name\":\"EDDYCAM\",\"description\":\"EDDYCAM - Der erste und einzige ergonomische Kameragurt aus Elchleder\",\"publisher\":{\"@id\":\"https:\/\/eddycam.com\/#organization\"},\"potentialAction\":[{\"@type\":\"SearchAction\",\"target\":{\"@type\":\"EntryPoint\",\"urlTemplate\":\"https:\/\/eddycam.com\/?s={search_term_string}\"},\"query-input\":{\"@type\":\"PropertyValueSpecification\",\"valueRequired\":true,\"valueName\":\"search_term_string\"}}],\"inLanguage\":\"en-US\"},{\"@type\":\"Organization\",\"@id\":\"https:\/\/eddycam.com\/#organization\",\"name\":\"EDDYCAM\",\"url\":\"https:\/\/eddycam.com\/\",\"logo\":{\"@type\":\"ImageObject\",\"inLanguage\":\"en-US\",\"@id\":\"https:\/\/eddycam.com\/#\/schema\/logo\/image\/\",\"url\":\"https:\/\/eddycam.com\/wp-content\/uploads\/2022\/10\/eddycam-logo-website-4.png\",\"contentUrl\":\"https:\/\/eddycam.com\/wp-content\/uploads\/2022\/10\/eddycam-logo-website-4.png\",\"width\":833,\"height\":325,\"caption\":\"EDDYCAM\"},\"image\":{\"@id\":\"https:\/\/eddycam.com\/#\/schema\/logo\/image\/\"},\"sameAs\":[\"https:\/\/www.facebook.com\/eddycam.foto\/\",\"https:\/\/www.instagram.com\/eddycam_deutschland\/\"]}]}<\/script>\n<!-- \/ Yoast SEO plugin. -->","yoast_head_json":{"title":"33 mm black-red \/ demo goods - EDDYCAM","robots":{"index":"index","follow":"follow","max-snippet":"max-snippet:-1","max-image-preview":"max-image-preview:large","max-video-preview":"max-video-preview:-1"},"canonical":"https:\/\/eddycam.com\/shop\/33-mm-schwarz-rot-schwache-logopraegung\/","og_locale":"en_US","og_type":"article","og_title":"33 mm black-red \/ demo goods - EDDYCAM","og_description":"Article 3315S With slight signs of use EDDYCAM is the special camera strap made of elk leather. Durch seine Elastizit\u00e4t bietet er au\u00dfergew\u00f6hnlich hohen Tragekomfort. The colors of this EDDYCAM are black outside and red inside. The contrast stitching picks up the color of the inside and thus sets clear accents. Die Lederendst\u00fccke, das Band und die pulverbeschichteten Edelstahlklemmen sind schwarz.","og_url":"https:\/\/eddycam.com\/shop\/33-mm-schwarz-rot-schwache-logopraegung\/","og_site_name":"EDDYCAM","article_publisher":"https:\/\/www.facebook.com\/eddycam.foto\/","og_image":[{"width":2560,"height":1440,"url":"https:\/\/eddycam.com\/wp-content\/uploads\/2025\/09\/3315_schwache-Praegung-scaled.jpg","type":"image\/jpeg"}],"twitter_card":"summary_large_image","twitter_misc":{"Est. reading time":"1 minute"},"schema":{"@context":"https:\/\/schema.org","@graph":[{"@type":"WebPage","@id":"https:\/\/eddycam.com\/shop\/33-mm-schwarz-rot-schwache-logopraegung\/","url":"https:\/\/eddycam.com\/shop\/33-mm-schwarz-rot-schwache-logopraegung\/","name":"33 mm black-red \/ demo goods - EDDYCAM","isPartOf":{"@id":"https:\/\/eddycam.com\/#website"},"primaryImageOfPage":{"@id":"https:\/\/eddycam.com\/shop\/33-mm-schwarz-rot-schwache-logopraegung\/#primaryimage"},"image":{"@id":"https:\/\/eddycam.com\/shop\/33-mm-schwarz-rot-schwache-logopraegung\/#primaryimage"},"thumbnailUrl":"https:\/\/eddycam.com\/wp-content\/uploads\/2025\/09\/3315_schwache-Praegung-scaled.jpg","datePublished":"2022-11-22T09:16:39+00:00","breadcrumb":{"@id":"https:\/\/eddycam.com\/shop\/33-mm-schwarz-rot-schwache-logopraegung\/#breadcrumb"},"inLanguage":"en-US","potentialAction":[{"@type":"ReadAction","target":["https:\/\/eddycam.com\/shop\/33-mm-schwarz-rot-schwache-logopraegung\/"]}]},{"@type":"ImageObject","inLanguage":"en-US","@id":"https:\/\/eddycam.com\/shop\/33-mm-schwarz-rot-schwache-logopraegung\/#primaryimage","url":"https:\/\/eddycam.com\/wp-content\/uploads\/2025\/09\/3315_schwache-Praegung-scaled.jpg","contentUrl":"https:\/\/eddycam.com\/wp-content\/uploads\/2025\/09\/3315_schwache-Praegung-scaled.jpg","width":2560,"height":1440},{"@type":"BreadcrumbList","@id":"https:\/\/eddycam.com\/shop\/33-mm-schwarz-rot-schwache-logopraegung\/#breadcrumb","itemListElement":[{"@type":"ListItem","position":1,"name":"Home","item":"https:\/\/en.eddycam.com\/"},{"@type":"ListItem","position":2,"name":"Store","item":"https:\/\/en.eddycam.com\/shop\/"},{"@type":"ListItem","position":3,"name":"33 mm black-red \/ demo goods"}]},{"@type":"WebSite","@id":"https:\/\/eddycam.com\/#website","url":"https:\/\/eddycam.com\/","name":"EDDYCAM","description":"EDDYCAM - Der erste und einzige ergonomische Kameragurt aus Elchleder","publisher":{"@id":"https:\/\/eddycam.com\/#organization"},"potentialAction":[{"@type":"SearchAction","target":{"@type":"EntryPoint","urlTemplate":"https:\/\/eddycam.com\/?s={search_term_string}"},"query-input":{"@type":"PropertyValueSpecification","valueRequired":true,"valueName":"search_term_string"}}],"inLanguage":"en-US"},{"@type":"Organization","@id":"https:\/\/eddycam.com\/#organization","name":"EDDYCAM","url":"https:\/\/eddycam.com\/","logo":{"@type":"ImageObject","inLanguage":"en-US","@id":"https:\/\/eddycam.com\/#\/schema\/logo\/image\/","url":"https:\/\/eddycam.com\/wp-content\/uploads\/2022\/10\/eddycam-logo-website-4.png","contentUrl":"https:\/\/eddycam.com\/wp-content\/uploads\/2022\/10\/eddycam-logo-website-4.png","width":833,"height":325,"caption":"EDDYCAM"},"image":{"@id":"https:\/\/eddycam.com\/#\/schema\/logo\/image\/"},"sameAs":["https:\/\/www.facebook.com\/eddycam.foto\/","https:\/\/www.instagram.com\/eddycam_deutschland\/"]}]}},"jetpack_publicize_connections":[],"uagb_featured_image_src":{"full":["https:\/\/eddycam.com\/wp-content\/uploads\/2025\/09\/3315_schwache-Praegung-scaled.jpg",2560,1440,false],"thumbnail":["https:\/\/eddycam.com\/wp-content\/uploads\/2025\/09\/3315_schwache-Praegung-150x150.jpg",150,150,true],"medium":["https:\/\/eddycam.com\/wp-content\/uploads\/2025\/09\/3315_schwache-Praegung-300x169.jpg",300,169,true],"medium_large":["https:\/\/eddycam.com\/wp-content\/uploads\/2025\/09\/3315_schwache-Praegung-768x432.jpg",768,432,true],"large":["https:\/\/eddycam.com\/wp-content\/uploads\/2025\/09\/3315_schwache-Praegung-1024x576.jpg",1024,576,true],"1536x1536":["https:\/\/eddycam.com\/wp-content\/uploads\/2025\/09\/3315_schwache-Praegung-1536x864.jpg",1536,864,true],"2048x2048":["https:\/\/eddycam.com\/wp-content\/uploads\/2025\/09\/3315_schwache-Praegung-2048x1152.jpg",2048,1152,true],"woocommerce_thumbnail":["https:\/\/eddycam.com\/wp-content\/uploads\/2025\/09\/3315_schwache-Praegung-450x281.jpg",450,281,true],"woocommerce_single":["https:\/\/eddycam.com\/wp-content\/uploads\/2025\/09\/3315_schwache-Praegung-600x338.jpg",600,338,true],"woocommerce_gallery_thumbnail":["https:\/\/eddycam.com\/wp-content\/uploads\/2025\/09\/3315_schwache-Praegung-160x90.jpg",160,90,true]},"uagb_author_info":{"display_name":"Sonja Sonnenschein","author_link":"https:\/\/eddycam.com\/en\/author\/"},"uagb_comment_info":0,"uagb_excerpt":"Article 3315S With slight signs of use EDDYCAM is the special camera strap made of elk leather. Durch seine Elastizit\u00e4t bietet er au\u00dfergew\u00f6hnlich hohen Tragekomfort. The colors of this EDDYCAM are black outside and red inside. The contrast stitching picks up the color of the inside and thus sets clear accents. Die Lederendst\u00fccke, das Band&hellip;","jetpack_sharing_enabled":true,"_links":{"self":[{"href":"https:\/\/eddycam.com\/en\/wp-json\/wp\/v2\/product\/7717","targetHints":{"allow":["GET"]}}],"collection":[{"href":"https:\/\/eddycam.com\/en\/wp-json\/wp\/v2\/product"}],"about":[{"href":"https:\/\/eddycam.com\/en\/wp-json\/wp\/v2\/types\/product"}],"replies":[{"embeddable":true,"href":"https:\/\/eddycam.com\/en\/wp-json\/wp\/v2\/comments?post=7717"}],"wp:featuredmedia":[{"embeddable":true,"href":"https:\/\/eddycam.com\/en\/wp-json\/wp\/v2\/media\/10534"}],"wp:attachment":[{"href":"https:\/\/eddycam.com\/en\/wp-json\/wp\/v2\/media?parent=7717"}],"wp:term":[{"taxonomy":"product_brand","embeddable":true,"href":"https:\/\/eddycam.com\/en\/wp-json\/wp\/v2\/product_brand?post=7717"},{"taxonomy":"product_cat","embeddable":true,"href":"https:\/\/eddycam.com\/en\/wp-json\/wp\/v2\/product_cat?post=7717"},{"taxonomy":"product_tag","embeddable":true,"href":"https:\/\/eddycam.com\/en\/wp-json\/wp\/v2\/product_tag?post=7717"}],"curies":[{"name":"wp","href":"https:\/\/api.w.org\/{rel}","templated":true}]}}