{"id":7691,"date":"2022-08-12T11:34:34","date_gmt":"2022-08-12T09:34:34","guid":{"rendered":"https:\/\/eddycam.com\/shop\/42-mm-natural-contrast-stitching-demoware\/"},"modified":"2022-08-12T11:34:34","modified_gmt":"2022-08-12T09:34:34","slug":"42-mm-nature-contrast-stitching-demoware","status":"publish","type":"product","link":"https:\/\/eddycam.com\/en\/shop\/42-mm-nature-contrast-stitching-demoware\/","title":{"rendered":"42 mm natural contrast stitching \/ Demoware"},"content":{"rendered":"<p>&nbsp;<\/p>\n<h3><strong>42 mm natural contrast stitching black  <\/strong><\/h3>\n<p><strong>Designed for system cameras, all-in-one cameras and binoculars<\/strong><\/p>\n<h3>Optimally suited for professionals who have their camera in use for several hours. The soft, elastic elk leather and natural rubber padding make it comfortable to carry cameras and binoculars weighing up to 1.3 kg. With a total length of about 140 cm, we have a leather portion of about 30 cm. This EDDYCAM is 42 mm at its widest point, resulting in good weight distribution. With the thermofixed nylon strap and the 2 trowalized stainless steel clamps, it offers absolute security and enough leeway for length adjustment. Ergonomic shape allows wearing around the neck, on one shoulder or diagonally. As with all EDDYCAM camera straps, all materials are extremely high quality. For example, the connection between the nylon strap and the elastic elk leather, it is made of very high quality cowhide and is sewn with the thread from which seat belts are made.<\/h3>\n<ul>\n<li>EDDYCAM 42 mm natural contrast stitching black\/\/ Demo product with visible blemish<\/li>\n<li>Article 8499S<\/li>\n<li>Stainless steel clamps (2x)<\/li>\n<li>Leinenbeutel<\/li>\n<li>Mini brochure<\/li>\n<li>Total length approx. 140 cm<\/li>\n<li>Leather pad approx. 30 cm<\/li>\n<li>approx. 60 g (incl. clamps)<\/li>\n<li>100% handcraft<\/li>\n<li>Made in Germany<\/li>\n<\/ul>\n","protected":false},"excerpt":{"rendered":"<h4>Article 8499S<\/h4>\n<p><strong>With visible beauty defect<\/strong><\/p>\n<h4>EDDYCAM is the special camera strap made of elk leather. Durch seine Elastizit\u00e4t bietet er au\u00dfergew\u00f6hnlich hohen Tragekomfort. The colors of this EDDYCAM are natural outside and inside. Die Kontrastnaht in schwarz setzt deutliche Akzente. The leather end pieces, the strap and the powder coated stainless steel clamps are black<\/h4>\n","protected":false},"featured_media":6422,"comment_status":"open","ping_status":"closed","template":"","meta":{"_acf_changed":false,"_uag_custom_page_level_css":"","site-sidebar-layout":"default","site-content-layout":"default","ast-site-content-layout":"default","site-content-style":"default","site-sidebar-style":"default","ast-global-header-display":"","ast-banner-title-visibility":"","ast-main-header-display":"","ast-hfb-above-header-display":"","ast-hfb-below-header-display":"","ast-hfb-mobile-header-display":"","site-post-title":"","ast-breadcrumbs-content":"","ast-featured-img":"","footer-sml-layout":"","ast-disable-related-posts":"","theme-transparent-header-meta":"default","adv-header-id-meta":"","stick-header-meta":"","header-above-stick-meta":"","header-main-stick-meta":"","header-below-stick-meta":"","astra-migrate-meta-layouts":"default","ast-page-background-enabled":"default","ast-page-background-meta":{"desktop":{"background-color":"","background-image":"","background-repeat":"repeat","background-position":"center center","background-size":"auto","background-attachment":"scroll","background-type":"","background-media":"","overlay-type":"","overlay-color":"","overlay-opacity":"","overlay-gradient":""},"tablet":{"background-color":"","background-image":"","background-repeat":"repeat","background-position":"center center","background-size":"auto","background-attachment":"scroll","background-type":"","background-media":"","overlay-type":"","overlay-color":"","overlay-opacity":"","overlay-gradient":""},"mobile":{"background-color":"","background-image":"","background-repeat":"repeat","background-position":"center center","background-size":"auto","background-attachment":"scroll","background-type":"","background-media":"","overlay-type":"","overlay-color":"","overlay-opacity":"","overlay-gradient":""}},"ast-content-background-meta":{"desktop":{"background-color":"var(--ast-global-color-5)","background-image":"","background-repeat":"repeat","background-position":"center center","background-size":"auto","background-attachment":"scroll","background-type":"","background-media":"","overlay-type":"","overlay-color":"","overlay-opacity":"","overlay-gradient":""},"tablet":{"background-color":"var(--ast-global-color-5)","background-image":"","background-repeat":"repeat","background-position":"center center","background-size":"auto","background-attachment":"scroll","background-type":"","background-media":"","overlay-type":"","overlay-color":"","overlay-opacity":"","overlay-gradient":""},"mobile":{"background-color":"var(--ast-global-color-5)","background-image":"","background-repeat":"repeat","background-position":"center center","background-size":"auto","background-attachment":"scroll","background-type":"","background-media":"","overlay-type":"","overlay-color":"","overlay-opacity":"","overlay-gradient":""}},"jetpack_publicize_message":"","jetpack_publicize_feature_enabled":true,"jetpack_social_post_already_shared":true,"jetpack_social_options":{"image_generator_settings":{"template":"highway","default_image_id":0,"font":"","enabled":false},"version":2}},"product_brand":[],"product_cat":[234],"product_tag":[237,271,286],"class_list":{"0":"post-7691","1":"product","2":"type-product","3":"status-publish","4":"has-post-thumbnail","6":"product_cat-uncategorized-en","7":"product_tag-42mm-eddycam-en","8":"product_tag-color-natural","9":"product_tag-contrast-stitching-en-2","10":"product_shipping_class-free-shipping","11":"desktop-align-left","12":"tablet-align-left","13":"mobile-align-left","15":"first","16":"outofstock","17":"sale","18":"taxable","19":"shipping-taxable","20":"purchasable","21":"product-type-simple"},"acf":[],"yoast_head":"<!-- This site is optimized with the Yoast SEO plugin v27.2 - https:\/\/yoast.com\/product\/yoast-seo-wordpress\/ -->\n<title>42 mm natural contrast stitching \/ Demoware - EDDYCAM<\/title>\n<meta name=\"robots\" content=\"index, follow, max-snippet:-1, max-image-preview:large, max-video-preview:-1\" \/>\n<link rel=\"canonical\" href=\"https:\/\/eddycam.com\/shop\/42-mm-natur-kontrastnaht-demoware\/\" \/>\n<meta property=\"og:locale\" content=\"en_US\" \/>\n<meta property=\"og:type\" content=\"article\" \/>\n<meta property=\"og:title\" content=\"42 mm natural contrast stitching \/ Demoware - EDDYCAM\" \/>\n<meta property=\"og:description\" content=\"Article 8499S With visible beauty defect EDDYCAM is the special camera strap made of elk leather. Durch seine Elastizit\u00e4t bietet er au\u00dfergew\u00f6hnlich hohen Tragekomfort. The colors of this EDDYCAM are natural outside and inside. Die Kontrastnaht in schwarz setzt deutliche Akzente. The leather end pieces, the strap and the powder coated stainless steel clamps are black\" \/>\n<meta property=\"og:url\" content=\"https:\/\/eddycam.com\/shop\/42-mm-natur-kontrastnaht-demoware\/\" \/>\n<meta property=\"og:site_name\" content=\"EDDYCAM\" \/>\n<meta property=\"article:publisher\" content=\"https:\/\/www.facebook.com\/eddycam.foto\/\" \/>\n<meta property=\"og:image\" content=\"https:\/\/eddycam.com\/wp-content\/uploads\/2022\/08\/8499_4608x2592-2-scaled-1.jpg\" \/>\n\t<meta property=\"og:image:width\" content=\"2560\" \/>\n\t<meta property=\"og:image:height\" content=\"1440\" \/>\n\t<meta property=\"og:image:type\" content=\"image\/jpeg\" \/>\n<meta name=\"twitter:card\" content=\"summary_large_image\" \/>\n<meta name=\"twitter:label1\" content=\"Est. reading time\" \/>\n\t<meta name=\"twitter:data1\" content=\"1 minute\" \/>\n<script type=\"application\/ld+json\" class=\"yoast-schema-graph\">{\"@context\":\"https:\/\/schema.org\",\"@graph\":[{\"@type\":\"WebPage\",\"@id\":\"https:\/\/eddycam.com\/shop\/42-mm-natur-kontrastnaht-demoware\/\",\"url\":\"https:\/\/eddycam.com\/shop\/42-mm-natur-kontrastnaht-demoware\/\",\"name\":\"42 mm natural contrast stitching \/ Demoware - EDDYCAM\",\"isPartOf\":{\"@id\":\"https:\/\/eddycam.com\/#website\"},\"primaryImageOfPage\":{\"@id\":\"https:\/\/eddycam.com\/shop\/42-mm-natur-kontrastnaht-demoware\/#primaryimage\"},\"image\":{\"@id\":\"https:\/\/eddycam.com\/shop\/42-mm-natur-kontrastnaht-demoware\/#primaryimage\"},\"thumbnailUrl\":\"https:\/\/eddycam.com\/wp-content\/uploads\/2022\/08\/8499_4608x2592-2-scaled-1.jpg\",\"datePublished\":\"2022-08-12T09:34:34+00:00\",\"breadcrumb\":{\"@id\":\"https:\/\/eddycam.com\/shop\/42-mm-natur-kontrastnaht-demoware\/#breadcrumb\"},\"inLanguage\":\"en-US\",\"potentialAction\":[{\"@type\":\"ReadAction\",\"target\":[\"https:\/\/eddycam.com\/shop\/42-mm-natur-kontrastnaht-demoware\/\"]}]},{\"@type\":\"ImageObject\",\"inLanguage\":\"en-US\",\"@id\":\"https:\/\/eddycam.com\/shop\/42-mm-natur-kontrastnaht-demoware\/#primaryimage\",\"url\":\"https:\/\/eddycam.com\/wp-content\/uploads\/2022\/08\/8499_4608x2592-2-scaled-1.jpg\",\"contentUrl\":\"https:\/\/eddycam.com\/wp-content\/uploads\/2022\/08\/8499_4608x2592-2-scaled-1.jpg\",\"width\":2560,\"height\":1440},{\"@type\":\"BreadcrumbList\",\"@id\":\"https:\/\/eddycam.com\/shop\/42-mm-natur-kontrastnaht-demoware\/#breadcrumb\",\"itemListElement\":[{\"@type\":\"ListItem\",\"position\":1,\"name\":\"Home\",\"item\":\"https:\/\/en.eddycam.com\/\"},{\"@type\":\"ListItem\",\"position\":2,\"name\":\"Store\",\"item\":\"https:\/\/en.eddycam.com\/shop\/\"},{\"@type\":\"ListItem\",\"position\":3,\"name\":\"42 mm natural contrast stitching \/ Demoware\"}]},{\"@type\":\"WebSite\",\"@id\":\"https:\/\/eddycam.com\/#website\",\"url\":\"https:\/\/eddycam.com\/\",\"name\":\"EDDYCAM\",\"description\":\"EDDYCAM - Der erste und einzige ergonomische Kameragurt aus Elchleder\",\"publisher\":{\"@id\":\"https:\/\/eddycam.com\/#organization\"},\"potentialAction\":[{\"@type\":\"SearchAction\",\"target\":{\"@type\":\"EntryPoint\",\"urlTemplate\":\"https:\/\/eddycam.com\/?s={search_term_string}\"},\"query-input\":{\"@type\":\"PropertyValueSpecification\",\"valueRequired\":true,\"valueName\":\"search_term_string\"}}],\"inLanguage\":\"en-US\"},{\"@type\":\"Organization\",\"@id\":\"https:\/\/eddycam.com\/#organization\",\"name\":\"EDDYCAM\",\"url\":\"https:\/\/eddycam.com\/\",\"logo\":{\"@type\":\"ImageObject\",\"inLanguage\":\"en-US\",\"@id\":\"https:\/\/eddycam.com\/#\/schema\/logo\/image\/\",\"url\":\"https:\/\/eddycam.com\/wp-content\/uploads\/2022\/10\/eddycam-logo-website-4.png\",\"contentUrl\":\"https:\/\/eddycam.com\/wp-content\/uploads\/2022\/10\/eddycam-logo-website-4.png\",\"width\":833,\"height\":325,\"caption\":\"EDDYCAM\"},\"image\":{\"@id\":\"https:\/\/eddycam.com\/#\/schema\/logo\/image\/\"},\"sameAs\":[\"https:\/\/www.facebook.com\/eddycam.foto\/\",\"https:\/\/www.instagram.com\/eddycam_deutschland\/\"]}]}<\/script>\n<!-- \/ Yoast SEO plugin. -->","yoast_head_json":{"title":"42 mm natural contrast stitching \/ Demoware - EDDYCAM","robots":{"index":"index","follow":"follow","max-snippet":"max-snippet:-1","max-image-preview":"max-image-preview:large","max-video-preview":"max-video-preview:-1"},"canonical":"https:\/\/eddycam.com\/shop\/42-mm-natur-kontrastnaht-demoware\/","og_locale":"en_US","og_type":"article","og_title":"42 mm natural contrast stitching \/ Demoware - EDDYCAM","og_description":"Article 8499S With visible beauty defect EDDYCAM is the special camera strap made of elk leather. Durch seine Elastizit\u00e4t bietet er au\u00dfergew\u00f6hnlich hohen Tragekomfort. The colors of this EDDYCAM are natural outside and inside. Die Kontrastnaht in schwarz setzt deutliche Akzente. The leather end pieces, the strap and the powder coated stainless steel clamps are black","og_url":"https:\/\/eddycam.com\/shop\/42-mm-natur-kontrastnaht-demoware\/","og_site_name":"EDDYCAM","article_publisher":"https:\/\/www.facebook.com\/eddycam.foto\/","og_image":[{"width":2560,"height":1440,"url":"https:\/\/eddycam.com\/wp-content\/uploads\/2022\/08\/8499_4608x2592-2-scaled-1.jpg","type":"image\/jpeg"}],"twitter_card":"summary_large_image","twitter_misc":{"Est. reading time":"1 minute"},"schema":{"@context":"https:\/\/schema.org","@graph":[{"@type":"WebPage","@id":"https:\/\/eddycam.com\/shop\/42-mm-natur-kontrastnaht-demoware\/","url":"https:\/\/eddycam.com\/shop\/42-mm-natur-kontrastnaht-demoware\/","name":"42 mm natural contrast stitching \/ Demoware - EDDYCAM","isPartOf":{"@id":"https:\/\/eddycam.com\/#website"},"primaryImageOfPage":{"@id":"https:\/\/eddycam.com\/shop\/42-mm-natur-kontrastnaht-demoware\/#primaryimage"},"image":{"@id":"https:\/\/eddycam.com\/shop\/42-mm-natur-kontrastnaht-demoware\/#primaryimage"},"thumbnailUrl":"https:\/\/eddycam.com\/wp-content\/uploads\/2022\/08\/8499_4608x2592-2-scaled-1.jpg","datePublished":"2022-08-12T09:34:34+00:00","breadcrumb":{"@id":"https:\/\/eddycam.com\/shop\/42-mm-natur-kontrastnaht-demoware\/#breadcrumb"},"inLanguage":"en-US","potentialAction":[{"@type":"ReadAction","target":["https:\/\/eddycam.com\/shop\/42-mm-natur-kontrastnaht-demoware\/"]}]},{"@type":"ImageObject","inLanguage":"en-US","@id":"https:\/\/eddycam.com\/shop\/42-mm-natur-kontrastnaht-demoware\/#primaryimage","url":"https:\/\/eddycam.com\/wp-content\/uploads\/2022\/08\/8499_4608x2592-2-scaled-1.jpg","contentUrl":"https:\/\/eddycam.com\/wp-content\/uploads\/2022\/08\/8499_4608x2592-2-scaled-1.jpg","width":2560,"height":1440},{"@type":"BreadcrumbList","@id":"https:\/\/eddycam.com\/shop\/42-mm-natur-kontrastnaht-demoware\/#breadcrumb","itemListElement":[{"@type":"ListItem","position":1,"name":"Home","item":"https:\/\/en.eddycam.com\/"},{"@type":"ListItem","position":2,"name":"Store","item":"https:\/\/en.eddycam.com\/shop\/"},{"@type":"ListItem","position":3,"name":"42 mm natural contrast stitching \/ Demoware"}]},{"@type":"WebSite","@id":"https:\/\/eddycam.com\/#website","url":"https:\/\/eddycam.com\/","name":"EDDYCAM","description":"EDDYCAM - Der erste und einzige ergonomische Kameragurt aus Elchleder","publisher":{"@id":"https:\/\/eddycam.com\/#organization"},"potentialAction":[{"@type":"SearchAction","target":{"@type":"EntryPoint","urlTemplate":"https:\/\/eddycam.com\/?s={search_term_string}"},"query-input":{"@type":"PropertyValueSpecification","valueRequired":true,"valueName":"search_term_string"}}],"inLanguage":"en-US"},{"@type":"Organization","@id":"https:\/\/eddycam.com\/#organization","name":"EDDYCAM","url":"https:\/\/eddycam.com\/","logo":{"@type":"ImageObject","inLanguage":"en-US","@id":"https:\/\/eddycam.com\/#\/schema\/logo\/image\/","url":"https:\/\/eddycam.com\/wp-content\/uploads\/2022\/10\/eddycam-logo-website-4.png","contentUrl":"https:\/\/eddycam.com\/wp-content\/uploads\/2022\/10\/eddycam-logo-website-4.png","width":833,"height":325,"caption":"EDDYCAM"},"image":{"@id":"https:\/\/eddycam.com\/#\/schema\/logo\/image\/"},"sameAs":["https:\/\/www.facebook.com\/eddycam.foto\/","https:\/\/www.instagram.com\/eddycam_deutschland\/"]}]}},"jetpack_publicize_connections":[],"uagb_featured_image_src":{"full":["https:\/\/eddycam.com\/wp-content\/uploads\/2022\/08\/8499_4608x2592-2-scaled-1.jpg",2560,1440,false],"thumbnail":["https:\/\/eddycam.com\/wp-content\/uploads\/2022\/08\/8499_4608x2592-2-scaled-1-150x150.jpg",150,150,true],"medium":["https:\/\/eddycam.com\/wp-content\/uploads\/2022\/08\/8499_4608x2592-2-scaled-1-300x169.jpg",300,169,true],"medium_large":["https:\/\/eddycam.com\/wp-content\/uploads\/2022\/08\/8499_4608x2592-2-scaled-1-768x432.jpg",768,432,true],"large":["https:\/\/eddycam.com\/wp-content\/uploads\/2022\/08\/8499_4608x2592-2-scaled-1-1024x576.jpg",1024,576,true],"1536x1536":["https:\/\/eddycam.com\/wp-content\/uploads\/2022\/08\/8499_4608x2592-2-scaled-1-1536x864.jpg",1536,864,true],"2048x2048":["https:\/\/eddycam.com\/wp-content\/uploads\/2022\/08\/8499_4608x2592-2-scaled-1-2048x1152.jpg",2048,1152,true],"woocommerce_thumbnail":["https:\/\/eddycam.com\/wp-content\/uploads\/2022\/08\/8499_4608x2592-2-scaled-1-450x281.jpg",450,281,true],"woocommerce_single":["https:\/\/eddycam.com\/wp-content\/uploads\/2022\/08\/8499_4608x2592-2-scaled-1-600x338.jpg",600,338,true],"woocommerce_gallery_thumbnail":["https:\/\/eddycam.com\/wp-content\/uploads\/2022\/08\/8499_4608x2592-2-scaled-1-160x90.jpg",160,90,true]},"uagb_author_info":{"display_name":"superadmin","author_link":"https:\/\/eddycam.com\/en\/author\/"},"uagb_comment_info":0,"uagb_excerpt":"Article 8499S With visible beauty defect EDDYCAM is the special camera strap made of elk leather. Durch seine Elastizit\u00e4t bietet er au\u00dfergew\u00f6hnlich hohen Tragekomfort. The colors of this EDDYCAM are natural outside and inside. Die Kontrastnaht in schwarz setzt deutliche Akzente. The leather end pieces, the strap and the powder coated stainless steel clamps are&hellip;","jetpack_sharing_enabled":true,"_links":{"self":[{"href":"https:\/\/eddycam.com\/en\/wp-json\/wp\/v2\/product\/7691","targetHints":{"allow":["GET"]}}],"collection":[{"href":"https:\/\/eddycam.com\/en\/wp-json\/wp\/v2\/product"}],"about":[{"href":"https:\/\/eddycam.com\/en\/wp-json\/wp\/v2\/types\/product"}],"replies":[{"embeddable":true,"href":"https:\/\/eddycam.com\/en\/wp-json\/wp\/v2\/comments?post=7691"}],"wp:featuredmedia":[{"embeddable":true,"href":"https:\/\/eddycam.com\/en\/wp-json\/wp\/v2\/media\/6422"}],"wp:attachment":[{"href":"https:\/\/eddycam.com\/en\/wp-json\/wp\/v2\/media?parent=7691"}],"wp:term":[{"taxonomy":"product_brand","embeddable":true,"href":"https:\/\/eddycam.com\/en\/wp-json\/wp\/v2\/product_brand?post=7691"},{"taxonomy":"product_cat","embeddable":true,"href":"https:\/\/eddycam.com\/en\/wp-json\/wp\/v2\/product_cat?post=7691"},{"taxonomy":"product_tag","embeddable":true,"href":"https:\/\/eddycam.com\/en\/wp-json\/wp\/v2\/product_tag?post=7691"}],"curies":[{"name":"wp","href":"https:\/\/api.w.org\/{rel}","templated":true}]}}