{"id":7689,"date":"2022-08-12T11:34:25","date_gmt":"2022-08-12T09:34:25","guid":{"rendered":"https:\/\/eddycam.com\/shop\/sling-1-black-natural-exhibit-almost-like-new\/"},"modified":"2022-08-12T11:34:25","modified_gmt":"2022-08-12T09:34:25","slug":"sling-1-black-nature-gentleness-failure","status":"publish","type":"product","link":"https:\/\/eddycam.com\/en\/shop\/sling-1-black-nature-gentleness-failure\/","title":{"rendered":"Sling-1 black-natural exhibit almost like new"},"content":{"rendered":"<p>&nbsp;<\/p>\n<h4>EDDYCAM the special elk leather hand strap.<\/h4>\n<h4>Durch seine Elastizit\u00e4t bietet er au\u00dfergew\u00f6hnlich hohen Tragekomfort.<\/h4>\n<p>Exhibit almost like new<\/p>\n<ul>\n<li>EDDYCAM Sling-1 black-natural contrast stitching<\/li>\n<li>Article 1304S<\/li>\n<li>Nylon tape black<\/li>\n<li>Mini brochure<\/li>\n<li>\n \t<\/li>\n<li>Leather overlay\/ width approx. 33mm<\/li>\n<li>approx. 25 g<\/li>\n<li>100% handcraft<\/li>\n<li>Made in Germany<\/li>\n<\/ul>\n","protected":false},"excerpt":{"rendered":"<h4>Article 1304S<\/h4>\n<p>&nbsp;<\/p>\n<p>Exhibit almost like new<\/p>\n<h4>EDDYCAM elk leather hand strap.<\/h4>\n<h4>Durch seine Elastizit\u00e4t bietet er au\u00dfergew\u00f6hnlich hohen Tragekomfort.<\/h4>\n","protected":false},"featured_media":6211,"comment_status":"open","ping_status":"closed","template":"","meta":{"_acf_changed":false,"_uag_custom_page_level_css":"","site-sidebar-layout":"default","site-content-layout":"default","ast-site-content-layout":"default","site-content-style":"default","site-sidebar-style":"default","ast-global-header-display":"","ast-banner-title-visibility":"","ast-main-header-display":"","ast-hfb-above-header-display":"","ast-hfb-below-header-display":"","ast-hfb-mobile-header-display":"","site-post-title":"","ast-breadcrumbs-content":"","ast-featured-img":"","footer-sml-layout":"","ast-disable-related-posts":"","theme-transparent-header-meta":"default","adv-header-id-meta":"","stick-header-meta":"","header-above-stick-meta":"","header-main-stick-meta":"","header-below-stick-meta":"","astra-migrate-meta-layouts":"default","ast-page-background-enabled":"default","ast-page-background-meta":{"desktop":{"background-color":"","background-image":"","background-repeat":"repeat","background-position":"center center","background-size":"auto","background-attachment":"scroll","background-type":"","background-media":"","overlay-type":"","overlay-color":"","overlay-opacity":"","overlay-gradient":""},"tablet":{"background-color":"","background-image":"","background-repeat":"repeat","background-position":"center center","background-size":"auto","background-attachment":"scroll","background-type":"","background-media":"","overlay-type":"","overlay-color":"","overlay-opacity":"","overlay-gradient":""},"mobile":{"background-color":"","background-image":"","background-repeat":"repeat","background-position":"center center","background-size":"auto","background-attachment":"scroll","background-type":"","background-media":"","overlay-type":"","overlay-color":"","overlay-opacity":"","overlay-gradient":""}},"ast-content-background-meta":{"desktop":{"background-color":"var(--ast-global-color-5)","background-image":"","background-repeat":"repeat","background-position":"center center","background-size":"auto","background-attachment":"scroll","background-type":"","background-media":"","overlay-type":"","overlay-color":"","overlay-opacity":"","overlay-gradient":""},"tablet":{"background-color":"var(--ast-global-color-5)","background-image":"","background-repeat":"repeat","background-position":"center center","background-size":"auto","background-attachment":"scroll","background-type":"","background-media":"","overlay-type":"","overlay-color":"","overlay-opacity":"","overlay-gradient":""},"mobile":{"background-color":"var(--ast-global-color-5)","background-image":"","background-repeat":"repeat","background-position":"center center","background-size":"auto","background-attachment":"scroll","background-type":"","background-media":"","overlay-type":"","overlay-color":"","overlay-opacity":"","overlay-gradient":""}},"jetpack_publicize_message":"","jetpack_publicize_feature_enabled":true,"jetpack_social_post_already_shared":true,"jetpack_social_options":{"image_generator_settings":{"template":"highway","default_image_id":0,"font":"","enabled":false},"version":2}},"product_brand":[],"product_cat":[220],"product_tag":[],"class_list":{"0":"post-7689","1":"product","2":"type-product","3":"status-publish","4":"has-post-thumbnail","6":"product_cat-treasure-trove","7":"product_shipping_class-free-shipping","8":"desktop-align-left","9":"tablet-align-left","10":"mobile-align-left","12":"first","13":"outofstock","14":"sale","15":"taxable","16":"shipping-taxable","17":"purchasable","18":"product-type-simple"},"acf":[],"yoast_head":"<!-- This site is optimized with the Yoast SEO plugin v27.2 - https:\/\/yoast.com\/product\/yoast-seo-wordpress\/ -->\n<title>Sling-1 black-natural exhibit almost like new - EDDYCAM<\/title>\n<meta name=\"robots\" content=\"index, follow, max-snippet:-1, max-image-preview:large, max-video-preview:-1\" \/>\n<link rel=\"canonical\" href=\"https:\/\/eddycam.com\/shop\/sling-1-schwarz-natur-schonheitsfehler\/\" \/>\n<meta property=\"og:locale\" content=\"en_US\" \/>\n<meta property=\"og:type\" content=\"article\" \/>\n<meta property=\"og:title\" content=\"Sling-1 black-natural exhibit almost like new - EDDYCAM\" \/>\n<meta property=\"og:description\" content=\"Article 1304S &nbsp; Exhibit almost like new EDDYCAM elk leather hand strap. Durch seine Elastizit\u00e4t bietet er au\u00dfergew\u00f6hnlich hohen Tragekomfort.\" \/>\n<meta property=\"og:url\" content=\"https:\/\/eddycam.com\/shop\/sling-1-schwarz-natur-schonheitsfehler\/\" \/>\n<meta property=\"og:site_name\" content=\"EDDYCAM\" \/>\n<meta property=\"article:publisher\" content=\"https:\/\/www.facebook.com\/eddycam.foto\/\" \/>\n<meta property=\"og:image\" content=\"https:\/\/eddycam.com\/wp-content\/uploads\/2022\/08\/1304-3.jpg\" \/>\n\t<meta property=\"og:image:width\" content=\"1650\" \/>\n\t<meta property=\"og:image:height\" content=\"1100\" \/>\n\t<meta property=\"og:image:type\" content=\"image\/jpeg\" \/>\n<meta name=\"twitter:card\" content=\"summary_large_image\" \/>\n<script type=\"application\/ld+json\" class=\"yoast-schema-graph\">{\"@context\":\"https:\/\/schema.org\",\"@graph\":[{\"@type\":\"WebPage\",\"@id\":\"https:\/\/eddycam.com\/shop\/sling-1-schwarz-natur-schonheitsfehler\/\",\"url\":\"https:\/\/eddycam.com\/shop\/sling-1-schwarz-natur-schonheitsfehler\/\",\"name\":\"Sling-1 black-natural exhibit almost like new - EDDYCAM\",\"isPartOf\":{\"@id\":\"https:\/\/eddycam.com\/#website\"},\"primaryImageOfPage\":{\"@id\":\"https:\/\/eddycam.com\/shop\/sling-1-schwarz-natur-schonheitsfehler\/#primaryimage\"},\"image\":{\"@id\":\"https:\/\/eddycam.com\/shop\/sling-1-schwarz-natur-schonheitsfehler\/#primaryimage\"},\"thumbnailUrl\":\"https:\/\/eddycam.com\/wp-content\/uploads\/2022\/08\/1304-3.jpg\",\"datePublished\":\"2022-08-12T09:34:25+00:00\",\"breadcrumb\":{\"@id\":\"https:\/\/eddycam.com\/shop\/sling-1-schwarz-natur-schonheitsfehler\/#breadcrumb\"},\"inLanguage\":\"en-US\",\"potentialAction\":[{\"@type\":\"ReadAction\",\"target\":[\"https:\/\/eddycam.com\/shop\/sling-1-schwarz-natur-schonheitsfehler\/\"]}]},{\"@type\":\"ImageObject\",\"inLanguage\":\"en-US\",\"@id\":\"https:\/\/eddycam.com\/shop\/sling-1-schwarz-natur-schonheitsfehler\/#primaryimage\",\"url\":\"https:\/\/eddycam.com\/wp-content\/uploads\/2022\/08\/1304-3.jpg\",\"contentUrl\":\"https:\/\/eddycam.com\/wp-content\/uploads\/2022\/08\/1304-3.jpg\",\"width\":1650,\"height\":1100},{\"@type\":\"BreadcrumbList\",\"@id\":\"https:\/\/eddycam.com\/shop\/sling-1-schwarz-natur-schonheitsfehler\/#breadcrumb\",\"itemListElement\":[{\"@type\":\"ListItem\",\"position\":1,\"name\":\"Home\",\"item\":\"https:\/\/en.eddycam.com\/\"},{\"@type\":\"ListItem\",\"position\":2,\"name\":\"Store\",\"item\":\"https:\/\/en.eddycam.com\/shop\/\"},{\"@type\":\"ListItem\",\"position\":3,\"name\":\"Sling-1 black-natural exhibit almost like new\"}]},{\"@type\":\"WebSite\",\"@id\":\"https:\/\/eddycam.com\/#website\",\"url\":\"https:\/\/eddycam.com\/\",\"name\":\"EDDYCAM\",\"description\":\"EDDYCAM - Der erste und einzige ergonomische Kameragurt aus Elchleder\",\"publisher\":{\"@id\":\"https:\/\/eddycam.com\/#organization\"},\"potentialAction\":[{\"@type\":\"SearchAction\",\"target\":{\"@type\":\"EntryPoint\",\"urlTemplate\":\"https:\/\/eddycam.com\/?s={search_term_string}\"},\"query-input\":{\"@type\":\"PropertyValueSpecification\",\"valueRequired\":true,\"valueName\":\"search_term_string\"}}],\"inLanguage\":\"en-US\"},{\"@type\":\"Organization\",\"@id\":\"https:\/\/eddycam.com\/#organization\",\"name\":\"EDDYCAM\",\"url\":\"https:\/\/eddycam.com\/\",\"logo\":{\"@type\":\"ImageObject\",\"inLanguage\":\"en-US\",\"@id\":\"https:\/\/eddycam.com\/#\/schema\/logo\/image\/\",\"url\":\"https:\/\/eddycam.com\/wp-content\/uploads\/2022\/10\/eddycam-logo-website-4.png\",\"contentUrl\":\"https:\/\/eddycam.com\/wp-content\/uploads\/2022\/10\/eddycam-logo-website-4.png\",\"width\":833,\"height\":325,\"caption\":\"EDDYCAM\"},\"image\":{\"@id\":\"https:\/\/eddycam.com\/#\/schema\/logo\/image\/\"},\"sameAs\":[\"https:\/\/www.facebook.com\/eddycam.foto\/\",\"https:\/\/www.instagram.com\/eddycam_deutschland\/\"]}]}<\/script>\n<!-- \/ Yoast SEO plugin. -->","yoast_head_json":{"title":"Sling-1 black-natural exhibit almost like new - EDDYCAM","robots":{"index":"index","follow":"follow","max-snippet":"max-snippet:-1","max-image-preview":"max-image-preview:large","max-video-preview":"max-video-preview:-1"},"canonical":"https:\/\/eddycam.com\/shop\/sling-1-schwarz-natur-schonheitsfehler\/","og_locale":"en_US","og_type":"article","og_title":"Sling-1 black-natural exhibit almost like new - EDDYCAM","og_description":"Article 1304S &nbsp; Exhibit almost like new EDDYCAM elk leather hand strap. Durch seine Elastizit\u00e4t bietet er au\u00dfergew\u00f6hnlich hohen Tragekomfort.","og_url":"https:\/\/eddycam.com\/shop\/sling-1-schwarz-natur-schonheitsfehler\/","og_site_name":"EDDYCAM","article_publisher":"https:\/\/www.facebook.com\/eddycam.foto\/","og_image":[{"width":1650,"height":1100,"url":"https:\/\/eddycam.com\/wp-content\/uploads\/2022\/08\/1304-3.jpg","type":"image\/jpeg"}],"twitter_card":"summary_large_image","schema":{"@context":"https:\/\/schema.org","@graph":[{"@type":"WebPage","@id":"https:\/\/eddycam.com\/shop\/sling-1-schwarz-natur-schonheitsfehler\/","url":"https:\/\/eddycam.com\/shop\/sling-1-schwarz-natur-schonheitsfehler\/","name":"Sling-1 black-natural exhibit almost like new - EDDYCAM","isPartOf":{"@id":"https:\/\/eddycam.com\/#website"},"primaryImageOfPage":{"@id":"https:\/\/eddycam.com\/shop\/sling-1-schwarz-natur-schonheitsfehler\/#primaryimage"},"image":{"@id":"https:\/\/eddycam.com\/shop\/sling-1-schwarz-natur-schonheitsfehler\/#primaryimage"},"thumbnailUrl":"https:\/\/eddycam.com\/wp-content\/uploads\/2022\/08\/1304-3.jpg","datePublished":"2022-08-12T09:34:25+00:00","breadcrumb":{"@id":"https:\/\/eddycam.com\/shop\/sling-1-schwarz-natur-schonheitsfehler\/#breadcrumb"},"inLanguage":"en-US","potentialAction":[{"@type":"ReadAction","target":["https:\/\/eddycam.com\/shop\/sling-1-schwarz-natur-schonheitsfehler\/"]}]},{"@type":"ImageObject","inLanguage":"en-US","@id":"https:\/\/eddycam.com\/shop\/sling-1-schwarz-natur-schonheitsfehler\/#primaryimage","url":"https:\/\/eddycam.com\/wp-content\/uploads\/2022\/08\/1304-3.jpg","contentUrl":"https:\/\/eddycam.com\/wp-content\/uploads\/2022\/08\/1304-3.jpg","width":1650,"height":1100},{"@type":"BreadcrumbList","@id":"https:\/\/eddycam.com\/shop\/sling-1-schwarz-natur-schonheitsfehler\/#breadcrumb","itemListElement":[{"@type":"ListItem","position":1,"name":"Home","item":"https:\/\/en.eddycam.com\/"},{"@type":"ListItem","position":2,"name":"Store","item":"https:\/\/en.eddycam.com\/shop\/"},{"@type":"ListItem","position":3,"name":"Sling-1 black-natural exhibit almost like new"}]},{"@type":"WebSite","@id":"https:\/\/eddycam.com\/#website","url":"https:\/\/eddycam.com\/","name":"EDDYCAM","description":"EDDYCAM - Der erste und einzige ergonomische Kameragurt aus Elchleder","publisher":{"@id":"https:\/\/eddycam.com\/#organization"},"potentialAction":[{"@type":"SearchAction","target":{"@type":"EntryPoint","urlTemplate":"https:\/\/eddycam.com\/?s={search_term_string}"},"query-input":{"@type":"PropertyValueSpecification","valueRequired":true,"valueName":"search_term_string"}}],"inLanguage":"en-US"},{"@type":"Organization","@id":"https:\/\/eddycam.com\/#organization","name":"EDDYCAM","url":"https:\/\/eddycam.com\/","logo":{"@type":"ImageObject","inLanguage":"en-US","@id":"https:\/\/eddycam.com\/#\/schema\/logo\/image\/","url":"https:\/\/eddycam.com\/wp-content\/uploads\/2022\/10\/eddycam-logo-website-4.png","contentUrl":"https:\/\/eddycam.com\/wp-content\/uploads\/2022\/10\/eddycam-logo-website-4.png","width":833,"height":325,"caption":"EDDYCAM"},"image":{"@id":"https:\/\/eddycam.com\/#\/schema\/logo\/image\/"},"sameAs":["https:\/\/www.facebook.com\/eddycam.foto\/","https:\/\/www.instagram.com\/eddycam_deutschland\/"]}]}},"jetpack_publicize_connections":[],"uagb_featured_image_src":{"full":["https:\/\/eddycam.com\/wp-content\/uploads\/2022\/08\/1304-3.jpg",1650,1100,false],"thumbnail":["https:\/\/eddycam.com\/wp-content\/uploads\/2022\/08\/1304-3-150x150.jpg",150,150,true],"medium":["https:\/\/eddycam.com\/wp-content\/uploads\/2022\/08\/1304-3-300x200.jpg",300,200,true],"medium_large":["https:\/\/eddycam.com\/wp-content\/uploads\/2022\/08\/1304-3-768x512.jpg",768,512,true],"large":["https:\/\/eddycam.com\/wp-content\/uploads\/2022\/08\/1304-3-1024x683.jpg",1024,683,true],"1536x1536":["https:\/\/eddycam.com\/wp-content\/uploads\/2022\/08\/1304-3-1536x1024.jpg",1536,1024,true],"2048x2048":["https:\/\/eddycam.com\/wp-content\/uploads\/2022\/08\/1304-3.jpg",1650,1100,false],"woocommerce_thumbnail":["https:\/\/eddycam.com\/wp-content\/uploads\/2022\/08\/1304-3-450x281.jpg",450,281,true],"woocommerce_single":["https:\/\/eddycam.com\/wp-content\/uploads\/2022\/08\/1304-3-600x400.jpg",600,400,true],"woocommerce_gallery_thumbnail":["https:\/\/eddycam.com\/wp-content\/uploads\/2022\/08\/1304-3-160x90.jpg",160,90,true]},"uagb_author_info":{"display_name":"superadmin","author_link":"https:\/\/eddycam.com\/en\/author\/"},"uagb_comment_info":0,"uagb_excerpt":"Article 1304S &nbsp; Exhibit almost like new EDDYCAM elk leather hand strap. Durch seine Elastizit\u00e4t bietet er au\u00dfergew\u00f6hnlich hohen Tragekomfort.","jetpack_sharing_enabled":true,"_links":{"self":[{"href":"https:\/\/eddycam.com\/en\/wp-json\/wp\/v2\/product\/7689","targetHints":{"allow":["GET"]}}],"collection":[{"href":"https:\/\/eddycam.com\/en\/wp-json\/wp\/v2\/product"}],"about":[{"href":"https:\/\/eddycam.com\/en\/wp-json\/wp\/v2\/types\/product"}],"replies":[{"embeddable":true,"href":"https:\/\/eddycam.com\/en\/wp-json\/wp\/v2\/comments?post=7689"}],"wp:featuredmedia":[{"embeddable":true,"href":"https:\/\/eddycam.com\/en\/wp-json\/wp\/v2\/media\/6211"}],"wp:attachment":[{"href":"https:\/\/eddycam.com\/en\/wp-json\/wp\/v2\/media?parent=7689"}],"wp:term":[{"taxonomy":"product_brand","embeddable":true,"href":"https:\/\/eddycam.com\/en\/wp-json\/wp\/v2\/product_brand?post=7689"},{"taxonomy":"product_cat","embeddable":true,"href":"https:\/\/eddycam.com\/en\/wp-json\/wp\/v2\/product_cat?post=7689"},{"taxonomy":"product_tag","embeddable":true,"href":"https:\/\/eddycam.com\/en\/wp-json\/wp\/v2\/product_tag?post=7689"}],"curies":[{"name":"wp","href":"https:\/\/api.w.org\/{rel}","templated":true}]}}